{"id":161,"date":"2025-10-13T13:53:16","date_gmt":"2025-10-13T13:53:16","guid":{"rendered":"https:\/\/victoriagolf-resort-spa-accor.accorv2prod2.decms.eu\/rooms-and-suites\/"},"modified":"2025-12-10T11:26:22","modified_gmt":"2025-12-10T11:26:22","slug":"quartos-e-suites","status":"publish","type":"page","link":"https:\/\/www.victoriaresortvilamoura.com\/pt-pt\/quartos-e-suites\/","title":{"rendered":"Quartos e Suites"},"content":{"rendered":"<p>Descubra a paz, a tranquilidade e o romance em quartos cuidadosamente desenhados para proporcionar o m\u00e1ximo conforto e requinte.<\/p>\n<p>Temos o prazer de receber os seus companheiros de quatro patas para desfrutar do mesmo conforto e cuidado que voc\u00ea, com quartos exclusivos que aceitam animais de estima\u00e7\u00e3o, concebidos para uma estadia verdadeiramente relaxante. <a href=\"http:\/\/victoriagolf-resort-spa-accor.accorv2prod2.decms.eu\/wp-content\/uploads\/sites\/7\/2025\/10\/VGRS-40-Pet-Rules-02VP.pdf\" target=\"_blank\" rel=\"noopener\">Aplicam-se termos e condi\u00e7\u00f5es.<\/a><\/p>\n","protected":false},"excerpt":{"rendered":"<p>Descubra a paz, a tranquilidade e o romance em quartos cuidadosamente desenhados para proporcionar o m\u00e1ximo conforto e requinte. Temos o prazer de receber os seus companheiros de quatro patas para desfrutar do mesmo conforto e cuidado que voc\u00ea, com quartos exclusivos que aceitam animais de estima\u00e7\u00e3o, concebidos para uma estadia verdadeiramente relaxante. Aplicam-se termos [&hellip;]<\/p>\n","protected":false},"author":5,"featured_media":0,"parent":0,"menu_order":15,"comment_status":"closed","ping_status":"closed","template":"template-rooms.php","meta":{"footnotes":""},"categories":[],"class_list":["post-161","page","type-page","status-publish","hentry"],"acf":[],"yoast_head":"<!-- This site is optimized with the Yoast SEO plugin v26.9 - https:\/\/yoast.com\/product\/yoast-seo-wordpress\/ -->\n<title>Quartos e Suites - Victoria Golf Resort &amp; Spa, managed by Accor<\/title>\n<meta name=\"description\" content=\"Descubra a paz, a tranquilidade e o romance em quartos cuidadosamente desenhados para proporcionar o m\u00e1ximo conforto e requinte. Temos o prazer de receber\" \/>\n<meta name=\"robots\" content=\"index, follow, max-snippet:-1, max-image-preview:large, max-video-preview:-1\" \/>\n<link rel=\"canonical\" href=\"https:\/\/www.victoriaresortvilamoura.com\/pt-pt\/quartos-e-suites\/\" \/>\n<meta property=\"og:locale\" content=\"pt_PT\" \/>\n<meta property=\"og:type\" content=\"article\" \/>\n<meta property=\"og:title\" content=\"Quartos e Suites - Victoria Golf Resort &amp; Spa, managed by Accor\" \/>\n<meta property=\"og:description\" content=\"Descubra a paz, a tranquilidade e o romance em quartos cuidadosamente desenhados para proporcionar o m\u00e1ximo conforto e requinte. Temos o prazer de receber\" \/>\n<meta property=\"og:url\" content=\"https:\/\/www.victoriaresortvilamoura.com\/pt-pt\/quartos-e-suites\/\" \/>\n<meta property=\"og:site_name\" content=\"Victoria Golf Resort &amp; Spa, managed by Accor\" \/>\n<meta property=\"article:modified_time\" content=\"2025-12-10T11:26:22+00:00\" \/>\n<meta name=\"twitter:card\" content=\"summary_large_image\" \/>\n<meta name=\"twitter:label1\" content=\"Est. reading time\" \/>\n\t<meta name=\"twitter:data1\" content=\"1 minuto\" \/>\n<script type=\"application\/ld+json\" class=\"yoast-schema-graph\">{\"@context\":\"https:\/\/schema.org\",\"@graph\":[{\"@type\":\"WebPage\",\"@id\":\"https:\/\/www.victoriaresortvilamoura.com\/pt-pt\/quartos-e-suites\/\",\"url\":\"https:\/\/www.victoriaresortvilamoura.com\/pt-pt\/quartos-e-suites\/\",\"name\":\"Quartos e Suites - Victoria Golf Resort &amp; Spa, managed by Accor\",\"isPartOf\":{\"@id\":\"https:\/\/www.victoriaresortvilamoura.com\/#website\"},\"datePublished\":\"2025-10-13T13:53:16+00:00\",\"dateModified\":\"2025-12-10T11:26:22+00:00\",\"description\":\"Descubra a paz, a tranquilidade e o romance em quartos cuidadosamente desenhados para proporcionar o m\u00e1ximo conforto e requinte. Temos o prazer de receber\",\"breadcrumb\":{\"@id\":\"https:\/\/www.victoriaresortvilamoura.com\/pt-pt\/quartos-e-suites\/#breadcrumb\"},\"inLanguage\":\"pt-PT\",\"potentialAction\":[{\"@type\":\"ReadAction\",\"target\":[\"https:\/\/www.victoriaresortvilamoura.com\/pt-pt\/quartos-e-suites\/\"]}]},{\"@type\":\"BreadcrumbList\",\"@id\":\"https:\/\/www.victoriaresortvilamoura.com\/pt-pt\/quartos-e-suites\/#breadcrumb\",\"itemListElement\":[{\"@type\":\"ListItem\",\"position\":1,\"name\":\"Home\",\"item\":\"https:\/\/www.victoriaresortvilamoura.com\/pt-pt\/\"},{\"@type\":\"ListItem\",\"position\":2,\"name\":\"Quartos e Suites\"}]},{\"@type\":\"WebSite\",\"@id\":\"https:\/\/www.victoriaresortvilamoura.com\/#website\",\"url\":\"https:\/\/www.victoriaresortvilamoura.com\/\",\"name\":\"Victoria Golf Resort &amp; Spa, managed by Accor\",\"description\":\"\",\"potentialAction\":[{\"@type\":\"SearchAction\",\"target\":{\"@type\":\"EntryPoint\",\"urlTemplate\":\"https:\/\/www.victoriaresortvilamoura.com\/?s={search_term_string}\"},\"query-input\":{\"@type\":\"PropertyValueSpecification\",\"valueRequired\":true,\"valueName\":\"search_term_string\"}}],\"inLanguage\":\"pt-PT\"}]}<\/script>\n<!-- \/ Yoast SEO plugin. -->","yoast_head_json":{"title":"Quartos e Suites - Victoria Golf Resort &amp; Spa, managed by Accor","description":"Descubra a paz, a tranquilidade e o romance em quartos cuidadosamente desenhados para proporcionar o m\u00e1ximo conforto e requinte. Temos o prazer de receber","robots":{"index":"index","follow":"follow","max-snippet":"max-snippet:-1","max-image-preview":"max-image-preview:large","max-video-preview":"max-video-preview:-1"},"canonical":"https:\/\/www.victoriaresortvilamoura.com\/pt-pt\/quartos-e-suites\/","og_locale":"pt_PT","og_type":"article","og_title":"Quartos e Suites - Victoria Golf Resort &amp; Spa, managed by Accor","og_description":"Descubra a paz, a tranquilidade e o romance em quartos cuidadosamente desenhados para proporcionar o m\u00e1ximo conforto e requinte. Temos o prazer de receber","og_url":"https:\/\/www.victoriaresortvilamoura.com\/pt-pt\/quartos-e-suites\/","og_site_name":"Victoria Golf Resort &amp; Spa, managed by Accor","article_modified_time":"2025-12-10T11:26:22+00:00","twitter_card":"summary_large_image","twitter_misc":{"Est. reading time":"1 minuto"},"schema":{"@context":"https:\/\/schema.org","@graph":[{"@type":"WebPage","@id":"https:\/\/www.victoriaresortvilamoura.com\/pt-pt\/quartos-e-suites\/","url":"https:\/\/www.victoriaresortvilamoura.com\/pt-pt\/quartos-e-suites\/","name":"Quartos e Suites - Victoria Golf Resort &amp; Spa, managed by Accor","isPartOf":{"@id":"https:\/\/www.victoriaresortvilamoura.com\/#website"},"datePublished":"2025-10-13T13:53:16+00:00","dateModified":"2025-12-10T11:26:22+00:00","description":"Descubra a paz, a tranquilidade e o romance em quartos cuidadosamente desenhados para proporcionar o m\u00e1ximo conforto e requinte. Temos o prazer de receber","breadcrumb":{"@id":"https:\/\/www.victoriaresortvilamoura.com\/pt-pt\/quartos-e-suites\/#breadcrumb"},"inLanguage":"pt-PT","potentialAction":[{"@type":"ReadAction","target":["https:\/\/www.victoriaresortvilamoura.com\/pt-pt\/quartos-e-suites\/"]}]},{"@type":"BreadcrumbList","@id":"https:\/\/www.victoriaresortvilamoura.com\/pt-pt\/quartos-e-suites\/#breadcrumb","itemListElement":[{"@type":"ListItem","position":1,"name":"Home","item":"https:\/\/www.victoriaresortvilamoura.com\/pt-pt\/"},{"@type":"ListItem","position":2,"name":"Quartos e Suites"}]},{"@type":"WebSite","@id":"https:\/\/www.victoriaresortvilamoura.com\/#website","url":"https:\/\/www.victoriaresortvilamoura.com\/","name":"Victoria Golf Resort &amp; Spa, managed by Accor","description":"","potentialAction":[{"@type":"SearchAction","target":{"@type":"EntryPoint","urlTemplate":"https:\/\/www.victoriaresortvilamoura.com\/?s={search_term_string}"},"query-input":{"@type":"PropertyValueSpecification","valueRequired":true,"valueName":"search_term_string"}}],"inLanguage":"pt-PT"}]}},"_links":{"self":[{"href":"https:\/\/www.victoriaresortvilamoura.com\/pt-pt\/wp-json\/wp\/v2\/pages\/161","targetHints":{"allow":["GET"]}}],"collection":[{"href":"https:\/\/www.victoriaresortvilamoura.com\/pt-pt\/wp-json\/wp\/v2\/pages"}],"about":[{"href":"https:\/\/www.victoriaresortvilamoura.com\/pt-pt\/wp-json\/wp\/v2\/types\/page"}],"author":[{"embeddable":true,"href":"https:\/\/www.victoriaresortvilamoura.com\/pt-pt\/wp-json\/wp\/v2\/users\/5"}],"replies":[{"embeddable":true,"href":"https:\/\/www.victoriaresortvilamoura.com\/pt-pt\/wp-json\/wp\/v2\/comments?post=161"}],"version-history":[{"count":0,"href":"https:\/\/www.victoriaresortvilamoura.com\/pt-pt\/wp-json\/wp\/v2\/pages\/161\/revisions"}],"wp:attachment":[{"href":"https:\/\/www.victoriaresortvilamoura.com\/pt-pt\/wp-json\/wp\/v2\/media?parent=161"}],"wp:term":[{"taxonomy":"category","embeddable":true,"href":"https:\/\/www.victoriaresortvilamoura.com\/pt-pt\/wp-json\/wp\/v2\/categories?post=161"}],"curies":[{"name":"wp","href":"https:\/\/api.w.org\/{rel}","templated":true}]}}