{"id":163,"date":"2025-10-14T08:43:12","date_gmt":"2025-10-14T08:43:12","guid":{"rendered":"https:\/\/victoriagolf-resort-spa-accor.accorv2prod2.decms.eu\/rooms-and-suites\/deluxe-2-twin\/"},"modified":"2025-10-20T10:44:33","modified_gmt":"2025-10-20T10:44:33","slug":"deluxe-2-twin","status":"publish","type":"page","link":"https:\/\/www.victoriaresortvilamoura.com\/pt-pt\/quartos-e-suites\/deluxe-2-twin\/","title":{"rendered":"Deluxe 2 Twin"},"content":{"rendered":"<p>Permita-se relaxar e saborear uma estadia requintada, onde cada detalhe foi cuidadosamente pensado para proporcionar o m\u00e1ximo conforto.<\/p>\n<p>Revitalize-se com luxuosas amenities ou desfrute de um banho de imers\u00e3o.<\/p>\n<p>Delicie-se com um caf\u00e9 Nespresso na sua varanda privada, enquanto reflete sobre um dia cheio de energia e vivacidade<\/p>\n<p>&nbsp;<\/p>\n","protected":false},"excerpt":{"rendered":"<p>Permita-se relaxar e saborear uma estadia requintada, onde cada detalhe foi cuidadosamente pensado para proporcionar o m\u00e1ximo conforto. Revitalize-se com luxuosas amenities ou desfrute de um banho de imers\u00e3o. Delicie-se com um caf\u00e9 Nespresso na sua varanda privada, enquanto reflete sobre um dia cheio de energia e vivacidade &nbsp;<\/p>\n","protected":false},"author":5,"featured_media":0,"parent":161,"menu_order":25,"comment_status":"closed","ping_status":"closed","template":"template-room.php","meta":{"footnotes":""},"categories":[14],"class_list":["post-163","page","type-page","status-publish","hentry","category-deluxe-pt-pt"],"acf":[],"yoast_head":"<!-- This site is optimized with the Yoast SEO plugin v26.9 - https:\/\/yoast.com\/product\/yoast-seo-wordpress\/ -->\n<title>Deluxe 2 Twin - Victoria Golf Resort &amp; Spa, managed by Accor<\/title>\n<meta name=\"description\" content=\"Permita-se relaxar e saborear uma estadia requintada, onde cada detalhe foi cuidadosamente pensado para proporcionar o m\u00e1ximo conforto. Revitalize-se com\" \/>\n<meta name=\"robots\" content=\"index, follow, max-snippet:-1, max-image-preview:large, max-video-preview:-1\" \/>\n<link rel=\"canonical\" href=\"https:\/\/www.victoriaresortvilamoura.com\/pt-pt\/quartos-e-suites\/deluxe-2-twin\/\" \/>\n<meta property=\"og:locale\" content=\"pt_PT\" \/>\n<meta property=\"og:type\" content=\"article\" \/>\n<meta property=\"og:title\" content=\"Deluxe 2 Twin - Victoria Golf Resort &amp; Spa, managed by Accor\" \/>\n<meta property=\"og:description\" content=\"Permita-se relaxar e saborear uma estadia requintada, onde cada detalhe foi cuidadosamente pensado para proporcionar o m\u00e1ximo conforto. Revitalize-se com\" \/>\n<meta property=\"og:url\" content=\"https:\/\/www.victoriaresortvilamoura.com\/pt-pt\/quartos-e-suites\/deluxe-2-twin\/\" \/>\n<meta property=\"og:site_name\" content=\"Victoria Golf Resort &amp; Spa, managed by Accor\" \/>\n<meta property=\"article:modified_time\" content=\"2025-10-20T10:44:33+00:00\" \/>\n<meta name=\"twitter:card\" content=\"summary_large_image\" \/>\n<meta name=\"twitter:label1\" content=\"Est. reading time\" \/>\n\t<meta name=\"twitter:data1\" content=\"1 minuto\" \/>\n<script type=\"application\/ld+json\" class=\"yoast-schema-graph\">{\"@context\":\"https:\/\/schema.org\",\"@graph\":[{\"@type\":\"WebPage\",\"@id\":\"https:\/\/www.victoriaresortvilamoura.com\/pt-pt\/quartos-e-suites\/deluxe-2-twin\/\",\"url\":\"https:\/\/www.victoriaresortvilamoura.com\/pt-pt\/quartos-e-suites\/deluxe-2-twin\/\",\"name\":\"Deluxe 2 Twin - Victoria Golf Resort &amp; Spa, managed by Accor\",\"isPartOf\":{\"@id\":\"https:\/\/www.victoriaresortvilamoura.com\/#website\"},\"datePublished\":\"2025-10-14T08:43:12+00:00\",\"dateModified\":\"2025-10-20T10:44:33+00:00\",\"description\":\"Permita-se relaxar e saborear uma estadia requintada, onde cada detalhe foi cuidadosamente pensado para proporcionar o m\u00e1ximo conforto. Revitalize-se com\",\"breadcrumb\":{\"@id\":\"https:\/\/www.victoriaresortvilamoura.com\/pt-pt\/quartos-e-suites\/deluxe-2-twin\/#breadcrumb\"},\"inLanguage\":\"pt-PT\",\"potentialAction\":[{\"@type\":\"ReadAction\",\"target\":[\"https:\/\/www.victoriaresortvilamoura.com\/pt-pt\/quartos-e-suites\/deluxe-2-twin\/\"]}]},{\"@type\":\"BreadcrumbList\",\"@id\":\"https:\/\/www.victoriaresortvilamoura.com\/pt-pt\/quartos-e-suites\/deluxe-2-twin\/#breadcrumb\",\"itemListElement\":[{\"@type\":\"ListItem\",\"position\":1,\"name\":\"Home\",\"item\":\"https:\/\/www.victoriaresortvilamoura.com\/pt-pt\/\"},{\"@type\":\"ListItem\",\"position\":2,\"name\":\"Quartos e Suites\",\"item\":\"https:\/\/www.victoriaresortvilamoura.com\/pt-pt\/quartos-e-suites\/\"},{\"@type\":\"ListItem\",\"position\":3,\"name\":\"Deluxe 2 Twin\"}]},{\"@type\":\"WebSite\",\"@id\":\"https:\/\/www.victoriaresortvilamoura.com\/#website\",\"url\":\"https:\/\/www.victoriaresortvilamoura.com\/\",\"name\":\"Victoria Golf Resort &amp; Spa, managed by Accor\",\"description\":\"\",\"potentialAction\":[{\"@type\":\"SearchAction\",\"target\":{\"@type\":\"EntryPoint\",\"urlTemplate\":\"https:\/\/www.victoriaresortvilamoura.com\/?s={search_term_string}\"},\"query-input\":{\"@type\":\"PropertyValueSpecification\",\"valueRequired\":true,\"valueName\":\"search_term_string\"}}],\"inLanguage\":\"pt-PT\"}]}<\/script>\n<!-- \/ Yoast SEO plugin. -->","yoast_head_json":{"title":"Deluxe 2 Twin - Victoria Golf Resort &amp; Spa, managed by Accor","description":"Permita-se relaxar e saborear uma estadia requintada, onde cada detalhe foi cuidadosamente pensado para proporcionar o m\u00e1ximo conforto. Revitalize-se com","robots":{"index":"index","follow":"follow","max-snippet":"max-snippet:-1","max-image-preview":"max-image-preview:large","max-video-preview":"max-video-preview:-1"},"canonical":"https:\/\/www.victoriaresortvilamoura.com\/pt-pt\/quartos-e-suites\/deluxe-2-twin\/","og_locale":"pt_PT","og_type":"article","og_title":"Deluxe 2 Twin - Victoria Golf Resort &amp; Spa, managed by Accor","og_description":"Permita-se relaxar e saborear uma estadia requintada, onde cada detalhe foi cuidadosamente pensado para proporcionar o m\u00e1ximo conforto. Revitalize-se com","og_url":"https:\/\/www.victoriaresortvilamoura.com\/pt-pt\/quartos-e-suites\/deluxe-2-twin\/","og_site_name":"Victoria Golf Resort &amp; Spa, managed by Accor","article_modified_time":"2025-10-20T10:44:33+00:00","twitter_card":"summary_large_image","twitter_misc":{"Est. reading time":"1 minuto"},"schema":{"@context":"https:\/\/schema.org","@graph":[{"@type":"WebPage","@id":"https:\/\/www.victoriaresortvilamoura.com\/pt-pt\/quartos-e-suites\/deluxe-2-twin\/","url":"https:\/\/www.victoriaresortvilamoura.com\/pt-pt\/quartos-e-suites\/deluxe-2-twin\/","name":"Deluxe 2 Twin - Victoria Golf Resort &amp; Spa, managed by Accor","isPartOf":{"@id":"https:\/\/www.victoriaresortvilamoura.com\/#website"},"datePublished":"2025-10-14T08:43:12+00:00","dateModified":"2025-10-20T10:44:33+00:00","description":"Permita-se relaxar e saborear uma estadia requintada, onde cada detalhe foi cuidadosamente pensado para proporcionar o m\u00e1ximo conforto. Revitalize-se com","breadcrumb":{"@id":"https:\/\/www.victoriaresortvilamoura.com\/pt-pt\/quartos-e-suites\/deluxe-2-twin\/#breadcrumb"},"inLanguage":"pt-PT","potentialAction":[{"@type":"ReadAction","target":["https:\/\/www.victoriaresortvilamoura.com\/pt-pt\/quartos-e-suites\/deluxe-2-twin\/"]}]},{"@type":"BreadcrumbList","@id":"https:\/\/www.victoriaresortvilamoura.com\/pt-pt\/quartos-e-suites\/deluxe-2-twin\/#breadcrumb","itemListElement":[{"@type":"ListItem","position":1,"name":"Home","item":"https:\/\/www.victoriaresortvilamoura.com\/pt-pt\/"},{"@type":"ListItem","position":2,"name":"Quartos e Suites","item":"https:\/\/www.victoriaresortvilamoura.com\/pt-pt\/quartos-e-suites\/"},{"@type":"ListItem","position":3,"name":"Deluxe 2 Twin"}]},{"@type":"WebSite","@id":"https:\/\/www.victoriaresortvilamoura.com\/#website","url":"https:\/\/www.victoriaresortvilamoura.com\/","name":"Victoria Golf Resort &amp; Spa, managed by Accor","description":"","potentialAction":[{"@type":"SearchAction","target":{"@type":"EntryPoint","urlTemplate":"https:\/\/www.victoriaresortvilamoura.com\/?s={search_term_string}"},"query-input":{"@type":"PropertyValueSpecification","valueRequired":true,"valueName":"search_term_string"}}],"inLanguage":"pt-PT"}]}},"_links":{"self":[{"href":"https:\/\/www.victoriaresortvilamoura.com\/pt-pt\/wp-json\/wp\/v2\/pages\/163","targetHints":{"allow":["GET"]}}],"collection":[{"href":"https:\/\/www.victoriaresortvilamoura.com\/pt-pt\/wp-json\/wp\/v2\/pages"}],"about":[{"href":"https:\/\/www.victoriaresortvilamoura.com\/pt-pt\/wp-json\/wp\/v2\/types\/page"}],"author":[{"embeddable":true,"href":"https:\/\/www.victoriaresortvilamoura.com\/pt-pt\/wp-json\/wp\/v2\/users\/5"}],"replies":[{"embeddable":true,"href":"https:\/\/www.victoriaresortvilamoura.com\/pt-pt\/wp-json\/wp\/v2\/comments?post=163"}],"version-history":[{"count":0,"href":"https:\/\/www.victoriaresortvilamoura.com\/pt-pt\/wp-json\/wp\/v2\/pages\/163\/revisions"}],"up":[{"embeddable":true,"href":"https:\/\/www.victoriaresortvilamoura.com\/pt-pt\/wp-json\/wp\/v2\/pages\/161"}],"wp:attachment":[{"href":"https:\/\/www.victoriaresortvilamoura.com\/pt-pt\/wp-json\/wp\/v2\/media?parent=163"}],"wp:term":[{"taxonomy":"category","embeddable":true,"href":"https:\/\/www.victoriaresortvilamoura.com\/pt-pt\/wp-json\/wp\/v2\/categories?post=163"}],"curies":[{"name":"wp","href":"https:\/\/api.w.org\/{rel}","templated":true}]}}