{"id":168,"date":"2025-10-14T12:49:30","date_gmt":"2025-10-14T12:49:30","guid":{"rendered":"https:\/\/victoriagolf-resort-spa-accor.accorv2prod2.decms.eu\/rooms-and-suites\/junior-1-bedroom-garden-suite\/"},"modified":"2025-10-20T12:36:34","modified_gmt":"2025-10-20T12:36:34","slug":"junior-1-bedroom-garden-suite","status":"publish","type":"page","link":"https:\/\/www.victoriaresortvilamoura.com\/pt-pt\/quartos-e-suites\/junior-1-bedroom-garden-suite\/","title":{"rendered":"Junior 1 Bedroom Garden Suite"},"content":{"rendered":"<p>Este ref\u00fagio luxuoso \u00e9 ideal para fam\u00edlias ou um grupo de amigos.<\/p>\n<p>A varanda privada \u00e9 o local perfeito para aproveitar o sol do Algarve enquanto desfruta do pequeno-almo\u00e7o no quarto.<\/p>\n<p>Detalhes extra incluem uma \u00e1rea de estar e jantar separadas e acesso gratuito ao Victoria Spa.<\/p>\n","protected":false},"excerpt":{"rendered":"<p>Este ref\u00fagio luxuoso \u00e9 ideal para fam\u00edlias ou um grupo de amigos. A varanda privada \u00e9 o local perfeito para aproveitar o sol do Algarve enquanto desfruta do pequeno-almo\u00e7o no quarto. Detalhes extra incluem uma \u00e1rea de estar e jantar separadas e acesso gratuito ao Victoria Spa.<\/p>\n","protected":false},"author":5,"featured_media":0,"parent":161,"menu_order":50,"comment_status":"closed","ping_status":"closed","template":"template-room.php","meta":{"footnotes":""},"categories":[16],"class_list":["post-168","page","type-page","status-publish","hentry","category-suites-pt-pt"],"acf":[],"yoast_head":"<!-- This site is optimized with the Yoast SEO plugin v26.9 - https:\/\/yoast.com\/product\/yoast-seo-wordpress\/ -->\n<title>Junior 1 Bedroom Garden Suite - Victoria Golf Resort &amp; Spa, managed by Accor<\/title>\n<meta name=\"description\" content=\"Este ref\u00fagio luxuoso \u00e9 ideal para fam\u00edlias ou um grupo de amigos. A varanda privada \u00e9 o local perfeito para aproveitar o sol do Algarve enquanto desfruta\" \/>\n<meta name=\"robots\" content=\"index, follow, max-snippet:-1, max-image-preview:large, max-video-preview:-1\" \/>\n<link rel=\"canonical\" href=\"https:\/\/www.victoriaresortvilamoura.com\/pt-pt\/quartos-e-suites\/junior-1-bedroom-garden-suite\/\" \/>\n<meta property=\"og:locale\" content=\"pt_PT\" \/>\n<meta property=\"og:type\" content=\"article\" \/>\n<meta property=\"og:title\" content=\"Junior 1 Bedroom Garden Suite - Victoria Golf Resort &amp; Spa, managed by Accor\" \/>\n<meta property=\"og:description\" content=\"Este ref\u00fagio luxuoso \u00e9 ideal para fam\u00edlias ou um grupo de amigos. A varanda privada \u00e9 o local perfeito para aproveitar o sol do Algarve enquanto desfruta\" \/>\n<meta property=\"og:url\" content=\"https:\/\/www.victoriaresortvilamoura.com\/pt-pt\/quartos-e-suites\/junior-1-bedroom-garden-suite\/\" \/>\n<meta property=\"og:site_name\" content=\"Victoria Golf Resort &amp; Spa, managed by Accor\" \/>\n<meta property=\"article:modified_time\" content=\"2025-10-20T12:36:34+00:00\" \/>\n<meta name=\"twitter:card\" content=\"summary_large_image\" \/>\n<meta name=\"twitter:label1\" content=\"Est. reading time\" \/>\n\t<meta name=\"twitter:data1\" content=\"1 minuto\" \/>\n<script type=\"application\/ld+json\" class=\"yoast-schema-graph\">{\"@context\":\"https:\/\/schema.org\",\"@graph\":[{\"@type\":\"WebPage\",\"@id\":\"https:\/\/www.victoriaresortvilamoura.com\/pt-pt\/quartos-e-suites\/junior-1-bedroom-garden-suite\/\",\"url\":\"https:\/\/www.victoriaresortvilamoura.com\/pt-pt\/quartos-e-suites\/junior-1-bedroom-garden-suite\/\",\"name\":\"Junior 1 Bedroom Garden Suite - Victoria Golf Resort &amp; Spa, managed by Accor\",\"isPartOf\":{\"@id\":\"https:\/\/www.victoriaresortvilamoura.com\/#website\"},\"datePublished\":\"2025-10-14T12:49:30+00:00\",\"dateModified\":\"2025-10-20T12:36:34+00:00\",\"description\":\"Este ref\u00fagio luxuoso \u00e9 ideal para fam\u00edlias ou um grupo de amigos. A varanda privada \u00e9 o local perfeito para aproveitar o sol do Algarve enquanto desfruta\",\"breadcrumb\":{\"@id\":\"https:\/\/www.victoriaresortvilamoura.com\/pt-pt\/quartos-e-suites\/junior-1-bedroom-garden-suite\/#breadcrumb\"},\"inLanguage\":\"pt-PT\",\"potentialAction\":[{\"@type\":\"ReadAction\",\"target\":[\"https:\/\/www.victoriaresortvilamoura.com\/pt-pt\/quartos-e-suites\/junior-1-bedroom-garden-suite\/\"]}]},{\"@type\":\"BreadcrumbList\",\"@id\":\"https:\/\/www.victoriaresortvilamoura.com\/pt-pt\/quartos-e-suites\/junior-1-bedroom-garden-suite\/#breadcrumb\",\"itemListElement\":[{\"@type\":\"ListItem\",\"position\":1,\"name\":\"Home\",\"item\":\"https:\/\/www.victoriaresortvilamoura.com\/pt-pt\/\"},{\"@type\":\"ListItem\",\"position\":2,\"name\":\"Quartos e Suites\",\"item\":\"https:\/\/www.victoriaresortvilamoura.com\/pt-pt\/quartos-e-suites\/\"},{\"@type\":\"ListItem\",\"position\":3,\"name\":\"Junior 1 Bedroom Garden Suite\"}]},{\"@type\":\"WebSite\",\"@id\":\"https:\/\/www.victoriaresortvilamoura.com\/#website\",\"url\":\"https:\/\/www.victoriaresortvilamoura.com\/\",\"name\":\"Victoria Golf Resort &amp; Spa, managed by Accor\",\"description\":\"\",\"potentialAction\":[{\"@type\":\"SearchAction\",\"target\":{\"@type\":\"EntryPoint\",\"urlTemplate\":\"https:\/\/www.victoriaresortvilamoura.com\/?s={search_term_string}\"},\"query-input\":{\"@type\":\"PropertyValueSpecification\",\"valueRequired\":true,\"valueName\":\"search_term_string\"}}],\"inLanguage\":\"pt-PT\"}]}<\/script>\n<!-- \/ Yoast SEO plugin. -->","yoast_head_json":{"title":"Junior 1 Bedroom Garden Suite - Victoria Golf Resort &amp; Spa, managed by Accor","description":"Este ref\u00fagio luxuoso \u00e9 ideal para fam\u00edlias ou um grupo de amigos. A varanda privada \u00e9 o local perfeito para aproveitar o sol do Algarve enquanto desfruta","robots":{"index":"index","follow":"follow","max-snippet":"max-snippet:-1","max-image-preview":"max-image-preview:large","max-video-preview":"max-video-preview:-1"},"canonical":"https:\/\/www.victoriaresortvilamoura.com\/pt-pt\/quartos-e-suites\/junior-1-bedroom-garden-suite\/","og_locale":"pt_PT","og_type":"article","og_title":"Junior 1 Bedroom Garden Suite - Victoria Golf Resort &amp; Spa, managed by Accor","og_description":"Este ref\u00fagio luxuoso \u00e9 ideal para fam\u00edlias ou um grupo de amigos. A varanda privada \u00e9 o local perfeito para aproveitar o sol do Algarve enquanto desfruta","og_url":"https:\/\/www.victoriaresortvilamoura.com\/pt-pt\/quartos-e-suites\/junior-1-bedroom-garden-suite\/","og_site_name":"Victoria Golf Resort &amp; Spa, managed by Accor","article_modified_time":"2025-10-20T12:36:34+00:00","twitter_card":"summary_large_image","twitter_misc":{"Est. reading time":"1 minuto"},"schema":{"@context":"https:\/\/schema.org","@graph":[{"@type":"WebPage","@id":"https:\/\/www.victoriaresortvilamoura.com\/pt-pt\/quartos-e-suites\/junior-1-bedroom-garden-suite\/","url":"https:\/\/www.victoriaresortvilamoura.com\/pt-pt\/quartos-e-suites\/junior-1-bedroom-garden-suite\/","name":"Junior 1 Bedroom Garden Suite - Victoria Golf Resort &amp; Spa, managed by Accor","isPartOf":{"@id":"https:\/\/www.victoriaresortvilamoura.com\/#website"},"datePublished":"2025-10-14T12:49:30+00:00","dateModified":"2025-10-20T12:36:34+00:00","description":"Este ref\u00fagio luxuoso \u00e9 ideal para fam\u00edlias ou um grupo de amigos. A varanda privada \u00e9 o local perfeito para aproveitar o sol do Algarve enquanto desfruta","breadcrumb":{"@id":"https:\/\/www.victoriaresortvilamoura.com\/pt-pt\/quartos-e-suites\/junior-1-bedroom-garden-suite\/#breadcrumb"},"inLanguage":"pt-PT","potentialAction":[{"@type":"ReadAction","target":["https:\/\/www.victoriaresortvilamoura.com\/pt-pt\/quartos-e-suites\/junior-1-bedroom-garden-suite\/"]}]},{"@type":"BreadcrumbList","@id":"https:\/\/www.victoriaresortvilamoura.com\/pt-pt\/quartos-e-suites\/junior-1-bedroom-garden-suite\/#breadcrumb","itemListElement":[{"@type":"ListItem","position":1,"name":"Home","item":"https:\/\/www.victoriaresortvilamoura.com\/pt-pt\/"},{"@type":"ListItem","position":2,"name":"Quartos e Suites","item":"https:\/\/www.victoriaresortvilamoura.com\/pt-pt\/quartos-e-suites\/"},{"@type":"ListItem","position":3,"name":"Junior 1 Bedroom Garden Suite"}]},{"@type":"WebSite","@id":"https:\/\/www.victoriaresortvilamoura.com\/#website","url":"https:\/\/www.victoriaresortvilamoura.com\/","name":"Victoria Golf Resort &amp; Spa, managed by Accor","description":"","potentialAction":[{"@type":"SearchAction","target":{"@type":"EntryPoint","urlTemplate":"https:\/\/www.victoriaresortvilamoura.com\/?s={search_term_string}"},"query-input":{"@type":"PropertyValueSpecification","valueRequired":true,"valueName":"search_term_string"}}],"inLanguage":"pt-PT"}]}},"_links":{"self":[{"href":"https:\/\/www.victoriaresortvilamoura.com\/pt-pt\/wp-json\/wp\/v2\/pages\/168","targetHints":{"allow":["GET"]}}],"collection":[{"href":"https:\/\/www.victoriaresortvilamoura.com\/pt-pt\/wp-json\/wp\/v2\/pages"}],"about":[{"href":"https:\/\/www.victoriaresortvilamoura.com\/pt-pt\/wp-json\/wp\/v2\/types\/page"}],"author":[{"embeddable":true,"href":"https:\/\/www.victoriaresortvilamoura.com\/pt-pt\/wp-json\/wp\/v2\/users\/5"}],"replies":[{"embeddable":true,"href":"https:\/\/www.victoriaresortvilamoura.com\/pt-pt\/wp-json\/wp\/v2\/comments?post=168"}],"version-history":[{"count":0,"href":"https:\/\/www.victoriaresortvilamoura.com\/pt-pt\/wp-json\/wp\/v2\/pages\/168\/revisions"}],"up":[{"embeddable":true,"href":"https:\/\/www.victoriaresortvilamoura.com\/pt-pt\/wp-json\/wp\/v2\/pages\/161"}],"wp:attachment":[{"href":"https:\/\/www.victoriaresortvilamoura.com\/pt-pt\/wp-json\/wp\/v2\/media?parent=168"}],"wp:term":[{"taxonomy":"category","embeddable":true,"href":"https:\/\/www.victoriaresortvilamoura.com\/pt-pt\/wp-json\/wp\/v2\/categories?post=168"}],"curies":[{"name":"wp","href":"https:\/\/api.w.org\/{rel}","templated":true}]}}