{"id":180,"date":"2025-10-15T12:37:02","date_gmt":"2025-10-15T12:37:02","guid":{"rendered":"https:\/\/victoriagolf-resort-spa-accor.accorv2prod2.decms.eu\/signature-experiences\/"},"modified":"2026-03-19T13:41:13","modified_gmt":"2026-03-19T13:41:13","slug":"experiencias-de-assinatura","status":"publish","type":"page","link":"https:\/\/www.victoriaresortvilamoura.com\/pt-pt\/experiencias-de-assinatura\/","title":{"rendered":"Experi\u00eancias de Assinatura"},"content":{"rendered":"<p>Cada experi\u00eancia \u00e9 concebida para o conectar com a terra, as suas gentes e a beleza intemporal que define a nossa regi\u00e3o. Explore todas as experi\u00eancias exclusivas que temos para si.<\/p>\n","protected":false},"excerpt":{"rendered":"<p>Cada experi\u00eancia \u00e9 concebida para o conectar com a terra, as suas gentes e a beleza intemporal que define a nossa regi\u00e3o. Explore todas as experi\u00eancias exclusivas que temos para si.<\/p>\n","protected":false},"author":5,"featured_media":0,"parent":0,"menu_order":105,"comment_status":"closed","ping_status":"closed","template":"","meta":{"footnotes":""},"categories":[],"class_list":["post-180","page","type-page","status-publish","hentry"],"acf":[],"yoast_head":"<!-- This site is optimized with the Yoast SEO plugin v26.9 - https:\/\/yoast.com\/product\/yoast-seo-wordpress\/ -->\n<title>Experi\u00eancias de Assinatura - Victoria Golf Resort &amp; Spa, managed by Accor<\/title>\n<meta name=\"description\" content=\"Cada experi\u00eancia \u00e9 concebida para o conectar com a terra, as suas gentes e a beleza intemporal que define a nossa regi\u00e3o. Explore todas as experi\u00eancias\" \/>\n<meta name=\"robots\" content=\"index, follow, max-snippet:-1, max-image-preview:large, max-video-preview:-1\" \/>\n<link rel=\"canonical\" href=\"https:\/\/www.victoriaresortvilamoura.com\/pt-pt\/experiencias-de-assinatura\/\" \/>\n<meta property=\"og:locale\" content=\"pt_PT\" \/>\n<meta property=\"og:type\" content=\"article\" \/>\n<meta property=\"og:title\" content=\"Experi\u00eancias de Assinatura - Victoria Golf Resort &amp; Spa, managed by Accor\" \/>\n<meta property=\"og:description\" content=\"Cada experi\u00eancia \u00e9 concebida para o conectar com a terra, as suas gentes e a beleza intemporal que define a nossa regi\u00e3o. Explore todas as experi\u00eancias\" \/>\n<meta property=\"og:url\" content=\"https:\/\/www.victoriaresortvilamoura.com\/pt-pt\/experiencias-de-assinatura\/\" \/>\n<meta property=\"og:site_name\" content=\"Victoria Golf Resort &amp; Spa, managed by Accor\" \/>\n<meta property=\"article:modified_time\" content=\"2026-03-19T13:41:13+00:00\" \/>\n<meta name=\"twitter:card\" content=\"summary_large_image\" \/>\n<meta name=\"twitter:label1\" content=\"Est. reading time\" \/>\n\t<meta name=\"twitter:data1\" content=\"1 minuto\" \/>\n<script type=\"application\/ld+json\" class=\"yoast-schema-graph\">{\"@context\":\"https:\/\/schema.org\",\"@graph\":[{\"@type\":\"WebPage\",\"@id\":\"https:\/\/www.victoriaresortvilamoura.com\/pt-pt\/experiencias-de-assinatura\/\",\"url\":\"https:\/\/www.victoriaresortvilamoura.com\/pt-pt\/experiencias-de-assinatura\/\",\"name\":\"Experi\u00eancias de Assinatura - Victoria Golf Resort &amp; Spa, managed by Accor\",\"isPartOf\":{\"@id\":\"https:\/\/www.victoriaresortvilamoura.com\/#website\"},\"datePublished\":\"2025-10-15T12:37:02+00:00\",\"dateModified\":\"2026-03-19T13:41:13+00:00\",\"description\":\"Cada experi\u00eancia \u00e9 concebida para o conectar com a terra, as suas gentes e a beleza intemporal que define a nossa regi\u00e3o. Explore todas as experi\u00eancias\",\"breadcrumb\":{\"@id\":\"https:\/\/www.victoriaresortvilamoura.com\/pt-pt\/experiencias-de-assinatura\/#breadcrumb\"},\"inLanguage\":\"pt-PT\",\"potentialAction\":[{\"@type\":\"ReadAction\",\"target\":[\"https:\/\/www.victoriaresortvilamoura.com\/pt-pt\/experiencias-de-assinatura\/\"]}]},{\"@type\":\"BreadcrumbList\",\"@id\":\"https:\/\/www.victoriaresortvilamoura.com\/pt-pt\/experiencias-de-assinatura\/#breadcrumb\",\"itemListElement\":[{\"@type\":\"ListItem\",\"position\":1,\"name\":\"Home\",\"item\":\"https:\/\/www.victoriaresortvilamoura.com\/pt-pt\/\"},{\"@type\":\"ListItem\",\"position\":2,\"name\":\"Experi\u00eancias de Assinatura\"}]},{\"@type\":\"WebSite\",\"@id\":\"https:\/\/www.victoriaresortvilamoura.com\/#website\",\"url\":\"https:\/\/www.victoriaresortvilamoura.com\/\",\"name\":\"Victoria Golf Resort &amp; Spa, managed by Accor\",\"description\":\"\",\"potentialAction\":[{\"@type\":\"SearchAction\",\"target\":{\"@type\":\"EntryPoint\",\"urlTemplate\":\"https:\/\/www.victoriaresortvilamoura.com\/?s={search_term_string}\"},\"query-input\":{\"@type\":\"PropertyValueSpecification\",\"valueRequired\":true,\"valueName\":\"search_term_string\"}}],\"inLanguage\":\"pt-PT\"}]}<\/script>\n<!-- \/ Yoast SEO plugin. -->","yoast_head_json":{"title":"Experi\u00eancias de Assinatura - Victoria Golf Resort &amp; Spa, managed by Accor","description":"Cada experi\u00eancia \u00e9 concebida para o conectar com a terra, as suas gentes e a beleza intemporal que define a nossa regi\u00e3o. Explore todas as experi\u00eancias","robots":{"index":"index","follow":"follow","max-snippet":"max-snippet:-1","max-image-preview":"max-image-preview:large","max-video-preview":"max-video-preview:-1"},"canonical":"https:\/\/www.victoriaresortvilamoura.com\/pt-pt\/experiencias-de-assinatura\/","og_locale":"pt_PT","og_type":"article","og_title":"Experi\u00eancias de Assinatura - Victoria Golf Resort &amp; Spa, managed by Accor","og_description":"Cada experi\u00eancia \u00e9 concebida para o conectar com a terra, as suas gentes e a beleza intemporal que define a nossa regi\u00e3o. Explore todas as experi\u00eancias","og_url":"https:\/\/www.victoriaresortvilamoura.com\/pt-pt\/experiencias-de-assinatura\/","og_site_name":"Victoria Golf Resort &amp; Spa, managed by Accor","article_modified_time":"2026-03-19T13:41:13+00:00","twitter_card":"summary_large_image","twitter_misc":{"Est. reading time":"1 minuto"},"schema":{"@context":"https:\/\/schema.org","@graph":[{"@type":"WebPage","@id":"https:\/\/www.victoriaresortvilamoura.com\/pt-pt\/experiencias-de-assinatura\/","url":"https:\/\/www.victoriaresortvilamoura.com\/pt-pt\/experiencias-de-assinatura\/","name":"Experi\u00eancias de Assinatura - Victoria Golf Resort &amp; Spa, managed by Accor","isPartOf":{"@id":"https:\/\/www.victoriaresortvilamoura.com\/#website"},"datePublished":"2025-10-15T12:37:02+00:00","dateModified":"2026-03-19T13:41:13+00:00","description":"Cada experi\u00eancia \u00e9 concebida para o conectar com a terra, as suas gentes e a beleza intemporal que define a nossa regi\u00e3o. Explore todas as experi\u00eancias","breadcrumb":{"@id":"https:\/\/www.victoriaresortvilamoura.com\/pt-pt\/experiencias-de-assinatura\/#breadcrumb"},"inLanguage":"pt-PT","potentialAction":[{"@type":"ReadAction","target":["https:\/\/www.victoriaresortvilamoura.com\/pt-pt\/experiencias-de-assinatura\/"]}]},{"@type":"BreadcrumbList","@id":"https:\/\/www.victoriaresortvilamoura.com\/pt-pt\/experiencias-de-assinatura\/#breadcrumb","itemListElement":[{"@type":"ListItem","position":1,"name":"Home","item":"https:\/\/www.victoriaresortvilamoura.com\/pt-pt\/"},{"@type":"ListItem","position":2,"name":"Experi\u00eancias de Assinatura"}]},{"@type":"WebSite","@id":"https:\/\/www.victoriaresortvilamoura.com\/#website","url":"https:\/\/www.victoriaresortvilamoura.com\/","name":"Victoria Golf Resort &amp; Spa, managed by Accor","description":"","potentialAction":[{"@type":"SearchAction","target":{"@type":"EntryPoint","urlTemplate":"https:\/\/www.victoriaresortvilamoura.com\/?s={search_term_string}"},"query-input":{"@type":"PropertyValueSpecification","valueRequired":true,"valueName":"search_term_string"}}],"inLanguage":"pt-PT"}]}},"_links":{"self":[{"href":"https:\/\/www.victoriaresortvilamoura.com\/pt-pt\/wp-json\/wp\/v2\/pages\/180","targetHints":{"allow":["GET"]}}],"collection":[{"href":"https:\/\/www.victoriaresortvilamoura.com\/pt-pt\/wp-json\/wp\/v2\/pages"}],"about":[{"href":"https:\/\/www.victoriaresortvilamoura.com\/pt-pt\/wp-json\/wp\/v2\/types\/page"}],"author":[{"embeddable":true,"href":"https:\/\/www.victoriaresortvilamoura.com\/pt-pt\/wp-json\/wp\/v2\/users\/5"}],"replies":[{"embeddable":true,"href":"https:\/\/www.victoriaresortvilamoura.com\/pt-pt\/wp-json\/wp\/v2\/comments?post=180"}],"version-history":[{"count":0,"href":"https:\/\/www.victoriaresortvilamoura.com\/pt-pt\/wp-json\/wp\/v2\/pages\/180\/revisions"}],"wp:attachment":[{"href":"https:\/\/www.victoriaresortvilamoura.com\/pt-pt\/wp-json\/wp\/v2\/media?parent=180"}],"wp:term":[{"taxonomy":"category","embeddable":true,"href":"https:\/\/www.victoriaresortvilamoura.com\/pt-pt\/wp-json\/wp\/v2\/categories?post=180"}],"curies":[{"name":"wp","href":"https:\/\/api.w.org\/{rel}","templated":true}]}}