{"id":249,"date":"2025-10-22T13:26:40","date_gmt":"2025-10-22T13:26:40","guid":{"rendered":"https:\/\/victoriagolf-resort-spa-accor.accorv2prod2.decms.eu\/?page_id=249"},"modified":"2026-04-10T11:05:35","modified_gmt":"2026-04-10T11:05:35","slug":"conferencias-eventos","status":"publish","type":"page","link":"https:\/\/www.victoriaresortvilamoura.com\/pt-pt\/conferencias-eventos\/","title":{"rendered":"Confer\u00eancias &amp; Eventos"},"content":{"rendered":"<p>Imprima um toque de <strong>exclusividade \u00e0 sua reuni\u00e3o ou evento num dos mais sofisticados<\/strong> centros de confer\u00eancias independentes de Vilamoura.<\/p>\n<p><strong>Proporcione uma experi\u00eancia VIP aos seus convidados.<\/strong> Organize congressos de at\u00e9 950 participantes. Apresente um novo produto com impacto e distin\u00e7\u00e3o.<\/p>\n<p>Em ambientes contempor\u00e2neos concebidos para reuni\u00f5es e celebra\u00e7\u00f5es de excel\u00eancia, com infraestruturas de n\u00edvel internacional, a nossa equipa dedica-se a oferecer um servi\u00e7o inteiramente personalizado, cuidando de cada pormenor para real\u00e7ar o prest\u00edgio da sua marca ou ocasi\u00e3o.<\/p>\n<p>Uma entrada exclusiva e um foyer inundado de luz natural, com sinal\u00e9tica digital em LCD, asseguram conforto, privacidade e funcionalidade. Nos meses de ver\u00e3o, espa\u00e7os adicionais ao ar livre oferecem cen\u00e1rios distintos e vers\u00e1teis, adapt\u00e1veis a cada evento.<\/p>\n<p><strong>Transforme o seu momento em algo verdadeiramente memor\u00e1vel no Victoria Golf Resort &amp; Spa, Managed by Accor<\/strong>.<\/p>\n","protected":false},"excerpt":{"rendered":"<p>Imprima um toque de exclusividade \u00e0 sua reuni\u00e3o ou evento num dos mais sofisticados centros de confer\u00eancias independentes de Vilamoura. Proporcione uma experi\u00eancia VIP aos seus convidados. Organize congressos de at\u00e9 950 participantes. Apresente um novo produto com impacto e distin\u00e7\u00e3o. Em ambientes contempor\u00e2neos concebidos para reuni\u00f5es e celebra\u00e7\u00f5es de excel\u00eancia, com infraestruturas de n\u00edvel [&hellip;]<\/p>\n","protected":false},"author":11,"featured_media":0,"parent":0,"menu_order":50,"comment_status":"closed","ping_status":"closed","template":"template-meeting-room.php","meta":{"footnotes":""},"categories":[],"class_list":["post-249","page","type-page","status-publish","hentry"],"acf":[],"yoast_head":"<!-- This site is optimized with the Yoast SEO plugin v26.9 - https:\/\/yoast.com\/product\/yoast-seo-wordpress\/ -->\n<title>Confer\u00eancias &amp; Eventos - Victoria Golf Resort &amp; Spa, managed by Accor<\/title>\n<meta name=\"description\" content=\"Imprima um toque de exclusividade \u00e0 sua reuni\u00e3o ou evento num dos mais sofisticados centros de confer\u00eancias independentes de Vilamoura. Proporcione uma\" \/>\n<meta name=\"robots\" content=\"index, follow, max-snippet:-1, max-image-preview:large, max-video-preview:-1\" \/>\n<link rel=\"canonical\" href=\"https:\/\/www.victoriaresortvilamoura.com\/pt-pt\/conferencias-eventos\/\" \/>\n<meta property=\"og:locale\" content=\"pt_PT\" \/>\n<meta property=\"og:type\" content=\"article\" \/>\n<meta property=\"og:title\" content=\"Confer\u00eancias &amp; Eventos - Victoria Golf Resort &amp; Spa, managed by Accor\" \/>\n<meta property=\"og:description\" content=\"Imprima um toque de exclusividade \u00e0 sua reuni\u00e3o ou evento num dos mais sofisticados centros de confer\u00eancias independentes de Vilamoura. Proporcione uma\" \/>\n<meta property=\"og:url\" content=\"https:\/\/www.victoriaresortvilamoura.com\/pt-pt\/conferencias-eventos\/\" \/>\n<meta property=\"og:site_name\" content=\"Victoria Golf Resort &amp; Spa, managed by Accor\" \/>\n<meta property=\"article:modified_time\" content=\"2026-04-10T11:05:35+00:00\" \/>\n<meta name=\"twitter:card\" content=\"summary_large_image\" \/>\n<meta name=\"twitter:label1\" content=\"Est. reading time\" \/>\n\t<meta name=\"twitter:data1\" content=\"1 minuto\" \/>\n<script type=\"application\/ld+json\" class=\"yoast-schema-graph\">{\"@context\":\"https:\/\/schema.org\",\"@graph\":[{\"@type\":\"WebPage\",\"@id\":\"https:\/\/www.victoriaresortvilamoura.com\/pt-pt\/conferencias-eventos\/\",\"url\":\"https:\/\/www.victoriaresortvilamoura.com\/pt-pt\/conferencias-eventos\/\",\"name\":\"Confer\u00eancias &amp; Eventos - Victoria Golf Resort &amp; Spa, managed by Accor\",\"isPartOf\":{\"@id\":\"https:\/\/www.victoriaresortvilamoura.com\/#website\"},\"datePublished\":\"2025-10-22T13:26:40+00:00\",\"dateModified\":\"2026-04-10T11:05:35+00:00\",\"description\":\"Imprima um toque de exclusividade \u00e0 sua reuni\u00e3o ou evento num dos mais sofisticados centros de confer\u00eancias independentes de Vilamoura. Proporcione uma\",\"breadcrumb\":{\"@id\":\"https:\/\/www.victoriaresortvilamoura.com\/pt-pt\/conferencias-eventos\/#breadcrumb\"},\"inLanguage\":\"pt-PT\",\"potentialAction\":[{\"@type\":\"ReadAction\",\"target\":[\"https:\/\/www.victoriaresortvilamoura.com\/pt-pt\/conferencias-eventos\/\"]}]},{\"@type\":\"BreadcrumbList\",\"@id\":\"https:\/\/www.victoriaresortvilamoura.com\/pt-pt\/conferencias-eventos\/#breadcrumb\",\"itemListElement\":[{\"@type\":\"ListItem\",\"position\":1,\"name\":\"Home\",\"item\":\"https:\/\/www.victoriaresortvilamoura.com\/pt-pt\/\"},{\"@type\":\"ListItem\",\"position\":2,\"name\":\"Confer\u00eancias &amp; Eventos\"}]},{\"@type\":\"WebSite\",\"@id\":\"https:\/\/www.victoriaresortvilamoura.com\/#website\",\"url\":\"https:\/\/www.victoriaresortvilamoura.com\/\",\"name\":\"Victoria Golf Resort &amp; Spa, managed by Accor\",\"description\":\"\",\"potentialAction\":[{\"@type\":\"SearchAction\",\"target\":{\"@type\":\"EntryPoint\",\"urlTemplate\":\"https:\/\/www.victoriaresortvilamoura.com\/?s={search_term_string}\"},\"query-input\":{\"@type\":\"PropertyValueSpecification\",\"valueRequired\":true,\"valueName\":\"search_term_string\"}}],\"inLanguage\":\"pt-PT\"}]}<\/script>\n<!-- \/ Yoast SEO plugin. -->","yoast_head_json":{"title":"Confer\u00eancias &amp; Eventos - Victoria Golf Resort &amp; Spa, managed by Accor","description":"Imprima um toque de exclusividade \u00e0 sua reuni\u00e3o ou evento num dos mais sofisticados centros de confer\u00eancias independentes de Vilamoura. Proporcione uma","robots":{"index":"index","follow":"follow","max-snippet":"max-snippet:-1","max-image-preview":"max-image-preview:large","max-video-preview":"max-video-preview:-1"},"canonical":"https:\/\/www.victoriaresortvilamoura.com\/pt-pt\/conferencias-eventos\/","og_locale":"pt_PT","og_type":"article","og_title":"Confer\u00eancias &amp; Eventos - Victoria Golf Resort &amp; Spa, managed by Accor","og_description":"Imprima um toque de exclusividade \u00e0 sua reuni\u00e3o ou evento num dos mais sofisticados centros de confer\u00eancias independentes de Vilamoura. Proporcione uma","og_url":"https:\/\/www.victoriaresortvilamoura.com\/pt-pt\/conferencias-eventos\/","og_site_name":"Victoria Golf Resort &amp; Spa, managed by Accor","article_modified_time":"2026-04-10T11:05:35+00:00","twitter_card":"summary_large_image","twitter_misc":{"Est. reading time":"1 minuto"},"schema":{"@context":"https:\/\/schema.org","@graph":[{"@type":"WebPage","@id":"https:\/\/www.victoriaresortvilamoura.com\/pt-pt\/conferencias-eventos\/","url":"https:\/\/www.victoriaresortvilamoura.com\/pt-pt\/conferencias-eventos\/","name":"Confer\u00eancias &amp; Eventos - Victoria Golf Resort &amp; Spa, managed by Accor","isPartOf":{"@id":"https:\/\/www.victoriaresortvilamoura.com\/#website"},"datePublished":"2025-10-22T13:26:40+00:00","dateModified":"2026-04-10T11:05:35+00:00","description":"Imprima um toque de exclusividade \u00e0 sua reuni\u00e3o ou evento num dos mais sofisticados centros de confer\u00eancias independentes de Vilamoura. Proporcione uma","breadcrumb":{"@id":"https:\/\/www.victoriaresortvilamoura.com\/pt-pt\/conferencias-eventos\/#breadcrumb"},"inLanguage":"pt-PT","potentialAction":[{"@type":"ReadAction","target":["https:\/\/www.victoriaresortvilamoura.com\/pt-pt\/conferencias-eventos\/"]}]},{"@type":"BreadcrumbList","@id":"https:\/\/www.victoriaresortvilamoura.com\/pt-pt\/conferencias-eventos\/#breadcrumb","itemListElement":[{"@type":"ListItem","position":1,"name":"Home","item":"https:\/\/www.victoriaresortvilamoura.com\/pt-pt\/"},{"@type":"ListItem","position":2,"name":"Confer\u00eancias &amp; Eventos"}]},{"@type":"WebSite","@id":"https:\/\/www.victoriaresortvilamoura.com\/#website","url":"https:\/\/www.victoriaresortvilamoura.com\/","name":"Victoria Golf Resort &amp; Spa, managed by Accor","description":"","potentialAction":[{"@type":"SearchAction","target":{"@type":"EntryPoint","urlTemplate":"https:\/\/www.victoriaresortvilamoura.com\/?s={search_term_string}"},"query-input":{"@type":"PropertyValueSpecification","valueRequired":true,"valueName":"search_term_string"}}],"inLanguage":"pt-PT"}]}},"_links":{"self":[{"href":"https:\/\/www.victoriaresortvilamoura.com\/pt-pt\/wp-json\/wp\/v2\/pages\/249","targetHints":{"allow":["GET"]}}],"collection":[{"href":"https:\/\/www.victoriaresortvilamoura.com\/pt-pt\/wp-json\/wp\/v2\/pages"}],"about":[{"href":"https:\/\/www.victoriaresortvilamoura.com\/pt-pt\/wp-json\/wp\/v2\/types\/page"}],"author":[{"embeddable":true,"href":"https:\/\/www.victoriaresortvilamoura.com\/pt-pt\/wp-json\/wp\/v2\/users\/11"}],"replies":[{"embeddable":true,"href":"https:\/\/www.victoriaresortvilamoura.com\/pt-pt\/wp-json\/wp\/v2\/comments?post=249"}],"version-history":[{"count":0,"href":"https:\/\/www.victoriaresortvilamoura.com\/pt-pt\/wp-json\/wp\/v2\/pages\/249\/revisions"}],"wp:attachment":[{"href":"https:\/\/www.victoriaresortvilamoura.com\/pt-pt\/wp-json\/wp\/v2\/media?parent=249"}],"wp:term":[{"taxonomy":"category","embeddable":true,"href":"https:\/\/www.victoriaresortvilamoura.com\/pt-pt\/wp-json\/wp\/v2\/categories?post=249"}],"curies":[{"name":"wp","href":"https:\/\/api.w.org\/{rel}","templated":true}]}}