{"id":409,"date":"2025-10-23T09:24:02","date_gmt":"2025-10-23T09:24:02","guid":{"rendered":"https:\/\/victoriagolf-resort-spa-accor.accorv2prod2.decms.eu\/?page_id=409"},"modified":"2026-04-07T10:53:45","modified_gmt":"2026-04-07T10:53:45","slug":"politica-de-cookies","status":"publish","type":"page","link":"https:\/\/www.victoriaresortvilamoura.com\/pt-pt\/politica-de-cookies\/","title":{"rendered":"Politica de Cookies"},"content":{"rendered":"<h3><b>1. Introdu\u00e7\u00e3o<\/b><\/h3>\n<p class=\"p3\">Imagina que est\u00e1s a caminhar pela neve acabada de cair no Hotel Mercure Les Arcs 1800, nos Alpes Franceses. As tuas pegadas ficam marcadas, revelando detalhes como o tipo de cal\u00e7ado que usaste, a dire\u00e7\u00e3o que seguiste e at\u00e9 a hora a que passaste. De forma semelhante, ao navegares na internet deixas para tr\u00e1s rastos digitais. Embora esses rastos n\u00e3o revelem diretamente quem \u00e9s, fornecem pistas sobre a configura\u00e7\u00e3o do teu dispositivo, a tua regi\u00e3o, o idioma preferido, interesses e muito mais.<\/p>\n<p class=\"p3\">Gerimos websites que monitorizam o teu comportamento de navega\u00e7\u00e3o e os rastos que deixas ao reservar estadias em qualquer um dos nossos 5.100 hot\u00e9is em todo o mundo. A nossa responsabilidade \u2014 e o objetivo deste documento \u2014 \u00e9:<\/p>\n<ul>\n<li>\n<p class=\"p1\">Informar-te sobre os rastos que existem;<\/p>\n<\/li>\n<li>\n<p class=\"p1\">Explicar como utilizamos essa informa\u00e7\u00e3o;<\/p>\n<\/li>\n<li>\n<p class=\"p1\">Descrever como podes gerir ou eliminar esses rastos.<\/p>\n<\/li>\n<\/ul>\n<div id=\"macaron_inline_cookie_box\"><\/div>\n<hr \/>\n<h4><b>2. O que s\u00e3o rastreadores?<\/b><\/h4>\n<p class=\"p3\">Os cookies s\u00e3o a forma mais comum de rastreadores. Os rastreadores s\u00e3o dados utilizados pelos servidores para enviar informa\u00e7\u00f5es a um navegador web ou aplica\u00e7\u00e3o m\u00f3vel, que por sua vez devolve informa\u00e7\u00f5es ao servidor de origem. Essas informa\u00e7\u00f5es podem incluir identificadores de sess\u00e3o, prefer\u00eancias de idioma, datas de expira\u00e7\u00e3o, campos de resposta, entre outros.<\/p>\n<p class=\"p3\">Enquanto est\u00e3o ativos, os rastreadores armazenam informa\u00e7\u00f5es quando um utilizador acede a v\u00e1rias p\u00e1ginas de um site ou aplica\u00e7\u00e3o m\u00f3vel, ou quando regressa mais tarde ao site ou \u00e0 app.<\/p>\n<p class=\"p3\">Na internet, existem diferentes tipos de rastreadores:<\/p>\n<ul>\n<li>\n<p class=\"p1\"><span class=\"s1\"><b>Rastreadores de sess\u00e3o:<\/b><\/span>\u00a0eliminam-se assim que sais do navegador ou do site;<\/p>\n<\/li>\n<li>\n<p class=\"p1\"><span class=\"s1\"><b>Rastreadores persistentes:<\/b><\/span>\u00a0permanecem no teu dispositivo at\u00e9 expirarem ou at\u00e9 os eliminares nas defini\u00e7\u00f5es do navegador.<\/p>\n<\/li>\n<\/ul>\n<p class=\"p3\">Nos nossos websites, utilizamos cookies definidos por n\u00f3s, conhecidos como \u201ccookies de primeira parte\u201d, e cookies de dom\u00ednios diferentes do website que est\u00e1s a visitar, conhecidos como \u201ccookies de terceiros.\u201d<\/p>\n<hr \/>\n<h4><b>3. A nossa utiliza\u00e7\u00e3o de rastreadores<\/b><\/h4>\n<p class=\"p3\">Nos nossos websites ALL, hotelF1, ibis, Pullman, Novotel, Mercure, MGallery, Sofitel, Business Travel, Meetings, Travelpros, Restaurantes e Apartamentos &amp; Villas, utilizamos cookies e outros rastreadores para v\u00e1rios fins, incluindo:<\/p>\n<ul>\n<li>\n<p class=\"p1\">Garantir o funcionamento adequado dos nossos websites;<\/p>\n<\/li>\n<li>\n<p class=\"p1\">Melhorar a tua experi\u00eancia de utiliza\u00e7\u00e3o;<\/p>\n<\/li>\n<li>\n<p class=\"p1\">Analisar o tr\u00e1fego dos websites e os padr\u00f5es de utiliza\u00e7\u00e3o;<\/p>\n<\/li>\n<li>\n<p class=\"p1\">Fornecer conte\u00fados e an\u00fancios personalizados;<\/p>\n<\/li>\n<li>\n<p class=\"p1\">Facilitar as intera\u00e7\u00f5es nas redes sociais.<\/p>\n<\/li>\n<\/ul>\n<p class=\"p3\">Entre os cookies mencionados est\u00e3o aqueles utilizados pelo Google Analytics, como o\u00a0<span class=\"s2\">_ga<\/span>,\u00a0<span class=\"s2\">_gid<\/span>\u00a0e\u00a0<span class=\"s2\">_gat<\/span>, que foram amplamente usados para a an\u00e1lise de tr\u00e1fego e o acompanhamento do comportamento dos utilizadores.<\/p>\n<p class=\"p3\">Importa referir que estes cookies estavam associados ao Universal Analytics, uma vers\u00e3o que foi descontinuada a 1 de julho de 2024. Para implementa\u00e7\u00f5es de an\u00e1lise atuais, consulta o\u00a0<a href=\"https:\/\/support.google.com\/analytics\/answer\/9306384?hl=en\">Google Analytics 4 (GA4).<\/a><\/p>\n<p class=\"p3\">Para uma lista detalhada dos cookies e rastreadores que utilizamos, consulta a tabela de par\u00e2metros (link dispon\u00edvel no final deste documento).<\/p>\n<hr \/>\n<h4><b>4. Aceitar, recusar ou eliminar rastreadores<\/b><\/h4>\n<p class=\"p3\">Para gerir o teu consentimento relativamente \u00e0 utiliza\u00e7\u00e3o de rastreadores na nossa aplica\u00e7\u00e3o m\u00f3vel ALL \u2013 Accor Live Limitless, consulta a sec\u00e7\u00e3o \u201cTermos e Condi\u00e7\u00f5es\u201d, acess\u00edvel a partir do ecr\u00e3 inicial da app.<\/p>\n<p class=\"p3\">Nos nossos websites, podes gerir o teu consentimento ou recusa quanto \u00e0 utiliza\u00e7\u00e3o de rastreadores no teu dispositivo clicando no bot\u00e3o \u201cDefini\u00e7\u00f5es de Cookies\u201d, dispon\u00edvel nos nossos sites.<\/p>\n<p class=\"p3\">Independentemente das tuas escolhas, o teu navegador tamb\u00e9m te permite eliminar rastreadores do teu dispositivo a qualquer momento.<br \/>\nOs passos para gerir e eliminar rastreadores variam consoante o navegador. Estes passos est\u00e3o descritos no menu de ajuda do teu navegador.<br \/>\nN\u00e3o te esque\u00e7as de configurar todos os navegadores nos teus diferentes dispositivos (tablets, smartphones, computadores, etc.).<br \/>\nAqui est\u00e3o os links para gerir rastreadores nos navegadores mais comuns:<\/p>\n<ul>\n<li>\n<p class=\"p1\"><a href=\"https:\/\/support.microsoft.com\/en-us\/help\/17442\/windows-internet-explorer-delete-manage-cookies\">Internet Explorer\u2122<\/a><\/p>\n<\/li>\n<li>\n<p class=\"p1\"><a href=\"https:\/\/support.apple.com\/en-gb\/guide\/safari\/sfri11471\/mac\">Safari\u2122<\/a><\/p>\n<\/li>\n<li>\n<p class=\"p1\"><a href=\"http:\/\/support.google.com\/chrome\/bin\/answer.py?hl=en&amp;hlrm=en&amp;answer=95647\">Chrome\u2122<\/a><\/p>\n<\/li>\n<li>\n<p class=\"p1\"><a href=\"https:\/\/support.mozilla.org\/en-US\/kb\/clear-cookies-and-site-data-firefox\">Firefox\u2122<\/a><\/p>\n<\/li>\n<li>\n<p class=\"p1\"><a href=\"https:\/\/www.opera.com\/help\/tutorials\/security\/privacy\/\">Opera\u2122<\/a><\/p>\n<\/li>\n<\/ul>\n","protected":false},"excerpt":{"rendered":"<p>1. Introdu\u00e7\u00e3o Imagina que est\u00e1s a caminhar pela neve acabada de cair no Hotel Mercure Les Arcs 1800, nos Alpes Franceses. As tuas pegadas ficam marcadas, revelando detalhes como o tipo de cal\u00e7ado que usaste, a dire\u00e7\u00e3o que seguiste e at\u00e9 a hora a que passaste. De forma semelhante, ao navegares na internet deixas para [&hellip;]<\/p>\n","protected":false},"author":11,"featured_media":0,"parent":0,"menu_order":999,"comment_status":"closed","ping_status":"closed","template":"","meta":{"footnotes":""},"categories":[],"class_list":["post-409","page","type-page","status-publish","hentry"],"acf":[],"yoast_head":"<!-- This site is optimized with the Yoast SEO plugin v26.9 - https:\/\/yoast.com\/product\/yoast-seo-wordpress\/ -->\n<title>Politica de Cookies - Victoria Golf Resort &amp; Spa, managed by Accor<\/title>\n<meta name=\"description\" content=\"1. Introdu\u00e7\u00e3o Imagina que est\u00e1s a caminhar pela neve acabada de cair no Hotel Mercure Les Arcs 1800, nos Alpes Franceses. As tuas pegadas ficam marcadas,\" \/>\n<meta name=\"robots\" content=\"index, follow, max-snippet:-1, max-image-preview:large, max-video-preview:-1\" \/>\n<link rel=\"canonical\" href=\"https:\/\/www.victoriaresortvilamoura.com\/pt-pt\/politica-de-cookies\/\" \/>\n<meta property=\"og:locale\" content=\"pt_PT\" \/>\n<meta property=\"og:type\" content=\"article\" \/>\n<meta property=\"og:title\" content=\"Politica de Cookies - Victoria Golf Resort &amp; Spa, managed by Accor\" \/>\n<meta property=\"og:description\" content=\"1. Introdu\u00e7\u00e3o Imagina que est\u00e1s a caminhar pela neve acabada de cair no Hotel Mercure Les Arcs 1800, nos Alpes Franceses. As tuas pegadas ficam marcadas,\" \/>\n<meta property=\"og:url\" content=\"https:\/\/www.victoriaresortvilamoura.com\/pt-pt\/politica-de-cookies\/\" \/>\n<meta property=\"og:site_name\" content=\"Victoria Golf Resort &amp; Spa, managed by Accor\" \/>\n<meta property=\"article:modified_time\" content=\"2026-04-07T10:53:45+00:00\" \/>\n<meta name=\"twitter:card\" content=\"summary_large_image\" \/>\n<meta name=\"twitter:label1\" content=\"Est. reading time\" \/>\n\t<meta name=\"twitter:data1\" content=\"3 minutos\" \/>\n<script type=\"application\/ld+json\" class=\"yoast-schema-graph\">{\"@context\":\"https:\/\/schema.org\",\"@graph\":[{\"@type\":\"WebPage\",\"@id\":\"https:\/\/www.victoriaresortvilamoura.com\/pt-pt\/politica-de-cookies\/\",\"url\":\"https:\/\/www.victoriaresortvilamoura.com\/pt-pt\/politica-de-cookies\/\",\"name\":\"Politica de Cookies - Victoria Golf Resort &amp; Spa, managed by Accor\",\"isPartOf\":{\"@id\":\"https:\/\/www.victoriaresortvilamoura.com\/#website\"},\"datePublished\":\"2025-10-23T09:24:02+00:00\",\"dateModified\":\"2026-04-07T10:53:45+00:00\",\"description\":\"1. Introdu\u00e7\u00e3o Imagina que est\u00e1s a caminhar pela neve acabada de cair no Hotel Mercure Les Arcs 1800, nos Alpes Franceses. As tuas pegadas ficam marcadas,\",\"breadcrumb\":{\"@id\":\"https:\/\/www.victoriaresortvilamoura.com\/pt-pt\/politica-de-cookies\/#breadcrumb\"},\"inLanguage\":\"pt-PT\",\"potentialAction\":[{\"@type\":\"ReadAction\",\"target\":[\"https:\/\/www.victoriaresortvilamoura.com\/pt-pt\/politica-de-cookies\/\"]}]},{\"@type\":\"BreadcrumbList\",\"@id\":\"https:\/\/www.victoriaresortvilamoura.com\/pt-pt\/politica-de-cookies\/#breadcrumb\",\"itemListElement\":[{\"@type\":\"ListItem\",\"position\":1,\"name\":\"Home\",\"item\":\"https:\/\/www.victoriaresortvilamoura.com\/pt-pt\/\"},{\"@type\":\"ListItem\",\"position\":2,\"name\":\"Politica de Cookies\"}]},{\"@type\":\"WebSite\",\"@id\":\"https:\/\/www.victoriaresortvilamoura.com\/#website\",\"url\":\"https:\/\/www.victoriaresortvilamoura.com\/\",\"name\":\"Victoria Golf Resort &amp; Spa, managed by Accor\",\"description\":\"\",\"potentialAction\":[{\"@type\":\"SearchAction\",\"target\":{\"@type\":\"EntryPoint\",\"urlTemplate\":\"https:\/\/www.victoriaresortvilamoura.com\/?s={search_term_string}\"},\"query-input\":{\"@type\":\"PropertyValueSpecification\",\"valueRequired\":true,\"valueName\":\"search_term_string\"}}],\"inLanguage\":\"pt-PT\"}]}<\/script>\n<!-- \/ Yoast SEO plugin. -->","yoast_head_json":{"title":"Politica de Cookies - Victoria Golf Resort &amp; Spa, managed by Accor","description":"1. Introdu\u00e7\u00e3o Imagina que est\u00e1s a caminhar pela neve acabada de cair no Hotel Mercure Les Arcs 1800, nos Alpes Franceses. As tuas pegadas ficam marcadas,","robots":{"index":"index","follow":"follow","max-snippet":"max-snippet:-1","max-image-preview":"max-image-preview:large","max-video-preview":"max-video-preview:-1"},"canonical":"https:\/\/www.victoriaresortvilamoura.com\/pt-pt\/politica-de-cookies\/","og_locale":"pt_PT","og_type":"article","og_title":"Politica de Cookies - Victoria Golf Resort &amp; Spa, managed by Accor","og_description":"1. Introdu\u00e7\u00e3o Imagina que est\u00e1s a caminhar pela neve acabada de cair no Hotel Mercure Les Arcs 1800, nos Alpes Franceses. As tuas pegadas ficam marcadas,","og_url":"https:\/\/www.victoriaresortvilamoura.com\/pt-pt\/politica-de-cookies\/","og_site_name":"Victoria Golf Resort &amp; Spa, managed by Accor","article_modified_time":"2026-04-07T10:53:45+00:00","twitter_card":"summary_large_image","twitter_misc":{"Est. reading time":"3 minutos"},"schema":{"@context":"https:\/\/schema.org","@graph":[{"@type":"WebPage","@id":"https:\/\/www.victoriaresortvilamoura.com\/pt-pt\/politica-de-cookies\/","url":"https:\/\/www.victoriaresortvilamoura.com\/pt-pt\/politica-de-cookies\/","name":"Politica de Cookies - Victoria Golf Resort &amp; Spa, managed by Accor","isPartOf":{"@id":"https:\/\/www.victoriaresortvilamoura.com\/#website"},"datePublished":"2025-10-23T09:24:02+00:00","dateModified":"2026-04-07T10:53:45+00:00","description":"1. Introdu\u00e7\u00e3o Imagina que est\u00e1s a caminhar pela neve acabada de cair no Hotel Mercure Les Arcs 1800, nos Alpes Franceses. As tuas pegadas ficam marcadas,","breadcrumb":{"@id":"https:\/\/www.victoriaresortvilamoura.com\/pt-pt\/politica-de-cookies\/#breadcrumb"},"inLanguage":"pt-PT","potentialAction":[{"@type":"ReadAction","target":["https:\/\/www.victoriaresortvilamoura.com\/pt-pt\/politica-de-cookies\/"]}]},{"@type":"BreadcrumbList","@id":"https:\/\/www.victoriaresortvilamoura.com\/pt-pt\/politica-de-cookies\/#breadcrumb","itemListElement":[{"@type":"ListItem","position":1,"name":"Home","item":"https:\/\/www.victoriaresortvilamoura.com\/pt-pt\/"},{"@type":"ListItem","position":2,"name":"Politica de Cookies"}]},{"@type":"WebSite","@id":"https:\/\/www.victoriaresortvilamoura.com\/#website","url":"https:\/\/www.victoriaresortvilamoura.com\/","name":"Victoria Golf Resort &amp; Spa, managed by Accor","description":"","potentialAction":[{"@type":"SearchAction","target":{"@type":"EntryPoint","urlTemplate":"https:\/\/www.victoriaresortvilamoura.com\/?s={search_term_string}"},"query-input":{"@type":"PropertyValueSpecification","valueRequired":true,"valueName":"search_term_string"}}],"inLanguage":"pt-PT"}]}},"_links":{"self":[{"href":"https:\/\/www.victoriaresortvilamoura.com\/pt-pt\/wp-json\/wp\/v2\/pages\/409","targetHints":{"allow":["GET"]}}],"collection":[{"href":"https:\/\/www.victoriaresortvilamoura.com\/pt-pt\/wp-json\/wp\/v2\/pages"}],"about":[{"href":"https:\/\/www.victoriaresortvilamoura.com\/pt-pt\/wp-json\/wp\/v2\/types\/page"}],"author":[{"embeddable":true,"href":"https:\/\/www.victoriaresortvilamoura.com\/pt-pt\/wp-json\/wp\/v2\/users\/11"}],"replies":[{"embeddable":true,"href":"https:\/\/www.victoriaresortvilamoura.com\/pt-pt\/wp-json\/wp\/v2\/comments?post=409"}],"version-history":[{"count":0,"href":"https:\/\/www.victoriaresortvilamoura.com\/pt-pt\/wp-json\/wp\/v2\/pages\/409\/revisions"}],"wp:attachment":[{"href":"https:\/\/www.victoriaresortvilamoura.com\/pt-pt\/wp-json\/wp\/v2\/media?parent=409"}],"wp:term":[{"taxonomy":"category","embeddable":true,"href":"https:\/\/www.victoriaresortvilamoura.com\/pt-pt\/wp-json\/wp\/v2\/categories?post=409"}],"curies":[{"name":"wp","href":"https:\/\/api.w.org\/{rel}","templated":true}]}}