{"id":422,"date":"2025-10-23T13:52:04","date_gmt":"2025-10-23T13:52:04","guid":{"rendered":"https:\/\/victoriagolf-resort-spa-accor.accorv2prod2.decms.eu\/spa\/"},"modified":"2026-04-13T12:37:45","modified_gmt":"2026-04-13T12:37:45","slug":"spa","status":"publish","type":"page","link":"https:\/\/www.victoriaresortvilamoura.com\/pt-pt\/spa\/","title":{"rendered":"Spa"},"content":{"rendered":"<p><span style=\"font-weight: 400\">Bem-vindo a um o\u00e1sis de bem-estar personalizado. Com vistas deslumbrantes sobre o imponente campo de golfe e um ambiente moderno e acolhedor, o Victoria Spa \u00e9 o local perfeito para descontrair, rodeado pela beleza da natureza. <\/span><\/p>\n<p><span style=\"font-weight: 400\">Rejuvenes\u00e7a o corpo, a mente e o esp\u00edrito com tratamentos de bem-estar que incorporam produtos naturais do Algarve. Os nossos terapeutas especializados est\u00e3o \u00e0 disposi\u00e7\u00e3o para ajudar a personalizar a sua viagem e restaurar a sua harmonia interior com uma abordagem hol\u00edstica.<\/span><\/p>\n","protected":false},"excerpt":{"rendered":"<p>Bem-vindo a um o\u00e1sis de bem-estar personalizado. Com vistas deslumbrantes sobre o imponente campo de golfe e um ambiente moderno e acolhedor, o Victoria Spa \u00e9 o local perfeito para descontrair, rodeado pela beleza da natureza. Rejuvenes\u00e7a o corpo, a mente e o esp\u00edrito com tratamentos de bem-estar que incorporam produtos naturais do Algarve. Os [&hellip;]<\/p>\n","protected":false},"author":11,"featured_media":0,"parent":0,"menu_order":35,"comment_status":"closed","ping_status":"closed","template":"template-spa.php","meta":{"footnotes":""},"categories":[],"class_list":["post-422","page","type-page","status-publish","hentry"],"acf":[],"yoast_head":"<!-- This site is optimized with the Yoast SEO plugin v26.9 - https:\/\/yoast.com\/product\/yoast-seo-wordpress\/ -->\n<title>Spa - Victoria Golf Resort &amp; Spa, managed by Accor<\/title>\n<meta name=\"description\" content=\"Bem-vindo a um o\u00e1sis de bem-estar personalizado. Com vistas deslumbrantes sobre o imponente campo de golfe e um ambiente moderno e acolhedor, o Victoria\" \/>\n<meta name=\"robots\" content=\"index, follow, max-snippet:-1, max-image-preview:large, max-video-preview:-1\" \/>\n<link rel=\"canonical\" href=\"https:\/\/www.victoriaresortvilamoura.com\/pt-pt\/spa\/\" \/>\n<meta property=\"og:locale\" content=\"pt_PT\" \/>\n<meta property=\"og:type\" content=\"article\" \/>\n<meta property=\"og:title\" content=\"Spa - Victoria Golf Resort &amp; Spa, managed by Accor\" \/>\n<meta property=\"og:description\" content=\"Bem-vindo a um o\u00e1sis de bem-estar personalizado. Com vistas deslumbrantes sobre o imponente campo de golfe e um ambiente moderno e acolhedor, o Victoria\" \/>\n<meta property=\"og:url\" content=\"https:\/\/www.victoriaresortvilamoura.com\/pt-pt\/spa\/\" \/>\n<meta property=\"og:site_name\" content=\"Victoria Golf Resort &amp; Spa, managed by Accor\" \/>\n<meta property=\"article:modified_time\" content=\"2026-04-13T12:37:45+00:00\" \/>\n<meta name=\"twitter:card\" content=\"summary_large_image\" \/>\n<meta name=\"twitter:label1\" content=\"Est. reading time\" \/>\n\t<meta name=\"twitter:data1\" content=\"1 minuto\" \/>\n<script type=\"application\/ld+json\" class=\"yoast-schema-graph\">{\"@context\":\"https:\/\/schema.org\",\"@graph\":[{\"@type\":\"WebPage\",\"@id\":\"https:\/\/www.victoriaresortvilamoura.com\/pt-pt\/spa\/\",\"url\":\"https:\/\/www.victoriaresortvilamoura.com\/pt-pt\/spa\/\",\"name\":\"Spa - Victoria Golf Resort &amp; Spa, managed by Accor\",\"isPartOf\":{\"@id\":\"https:\/\/www.victoriaresortvilamoura.com\/#website\"},\"datePublished\":\"2025-10-23T13:52:04+00:00\",\"dateModified\":\"2026-04-13T12:37:45+00:00\",\"description\":\"Bem-vindo a um o\u00e1sis de bem-estar personalizado. Com vistas deslumbrantes sobre o imponente campo de golfe e um ambiente moderno e acolhedor, o Victoria\",\"breadcrumb\":{\"@id\":\"https:\/\/www.victoriaresortvilamoura.com\/pt-pt\/spa\/#breadcrumb\"},\"inLanguage\":\"pt-PT\",\"potentialAction\":[{\"@type\":\"ReadAction\",\"target\":[\"https:\/\/www.victoriaresortvilamoura.com\/pt-pt\/spa\/\"]}]},{\"@type\":\"BreadcrumbList\",\"@id\":\"https:\/\/www.victoriaresortvilamoura.com\/pt-pt\/spa\/#breadcrumb\",\"itemListElement\":[{\"@type\":\"ListItem\",\"position\":1,\"name\":\"Home\",\"item\":\"https:\/\/www.victoriaresortvilamoura.com\/pt-pt\/\"},{\"@type\":\"ListItem\",\"position\":2,\"name\":\"Spa\"}]},{\"@type\":\"WebSite\",\"@id\":\"https:\/\/www.victoriaresortvilamoura.com\/#website\",\"url\":\"https:\/\/www.victoriaresortvilamoura.com\/\",\"name\":\"Victoria Golf Resort &amp; Spa, managed by Accor\",\"description\":\"\",\"potentialAction\":[{\"@type\":\"SearchAction\",\"target\":{\"@type\":\"EntryPoint\",\"urlTemplate\":\"https:\/\/www.victoriaresortvilamoura.com\/?s={search_term_string}\"},\"query-input\":{\"@type\":\"PropertyValueSpecification\",\"valueRequired\":true,\"valueName\":\"search_term_string\"}}],\"inLanguage\":\"pt-PT\"}]}<\/script>\n<!-- \/ Yoast SEO plugin. -->","yoast_head_json":{"title":"Spa - Victoria Golf Resort &amp; Spa, managed by Accor","description":"Bem-vindo a um o\u00e1sis de bem-estar personalizado. Com vistas deslumbrantes sobre o imponente campo de golfe e um ambiente moderno e acolhedor, o Victoria","robots":{"index":"index","follow":"follow","max-snippet":"max-snippet:-1","max-image-preview":"max-image-preview:large","max-video-preview":"max-video-preview:-1"},"canonical":"https:\/\/www.victoriaresortvilamoura.com\/pt-pt\/spa\/","og_locale":"pt_PT","og_type":"article","og_title":"Spa - Victoria Golf Resort &amp; Spa, managed by Accor","og_description":"Bem-vindo a um o\u00e1sis de bem-estar personalizado. Com vistas deslumbrantes sobre o imponente campo de golfe e um ambiente moderno e acolhedor, o Victoria","og_url":"https:\/\/www.victoriaresortvilamoura.com\/pt-pt\/spa\/","og_site_name":"Victoria Golf Resort &amp; Spa, managed by Accor","article_modified_time":"2026-04-13T12:37:45+00:00","twitter_card":"summary_large_image","twitter_misc":{"Est. reading time":"1 minuto"},"schema":{"@context":"https:\/\/schema.org","@graph":[{"@type":"WebPage","@id":"https:\/\/www.victoriaresortvilamoura.com\/pt-pt\/spa\/","url":"https:\/\/www.victoriaresortvilamoura.com\/pt-pt\/spa\/","name":"Spa - Victoria Golf Resort &amp; Spa, managed by Accor","isPartOf":{"@id":"https:\/\/www.victoriaresortvilamoura.com\/#website"},"datePublished":"2025-10-23T13:52:04+00:00","dateModified":"2026-04-13T12:37:45+00:00","description":"Bem-vindo a um o\u00e1sis de bem-estar personalizado. Com vistas deslumbrantes sobre o imponente campo de golfe e um ambiente moderno e acolhedor, o Victoria","breadcrumb":{"@id":"https:\/\/www.victoriaresortvilamoura.com\/pt-pt\/spa\/#breadcrumb"},"inLanguage":"pt-PT","potentialAction":[{"@type":"ReadAction","target":["https:\/\/www.victoriaresortvilamoura.com\/pt-pt\/spa\/"]}]},{"@type":"BreadcrumbList","@id":"https:\/\/www.victoriaresortvilamoura.com\/pt-pt\/spa\/#breadcrumb","itemListElement":[{"@type":"ListItem","position":1,"name":"Home","item":"https:\/\/www.victoriaresortvilamoura.com\/pt-pt\/"},{"@type":"ListItem","position":2,"name":"Spa"}]},{"@type":"WebSite","@id":"https:\/\/www.victoriaresortvilamoura.com\/#website","url":"https:\/\/www.victoriaresortvilamoura.com\/","name":"Victoria Golf Resort &amp; Spa, managed by Accor","description":"","potentialAction":[{"@type":"SearchAction","target":{"@type":"EntryPoint","urlTemplate":"https:\/\/www.victoriaresortvilamoura.com\/?s={search_term_string}"},"query-input":{"@type":"PropertyValueSpecification","valueRequired":true,"valueName":"search_term_string"}}],"inLanguage":"pt-PT"}]}},"_links":{"self":[{"href":"https:\/\/www.victoriaresortvilamoura.com\/pt-pt\/wp-json\/wp\/v2\/pages\/422","targetHints":{"allow":["GET"]}}],"collection":[{"href":"https:\/\/www.victoriaresortvilamoura.com\/pt-pt\/wp-json\/wp\/v2\/pages"}],"about":[{"href":"https:\/\/www.victoriaresortvilamoura.com\/pt-pt\/wp-json\/wp\/v2\/types\/page"}],"author":[{"embeddable":true,"href":"https:\/\/www.victoriaresortvilamoura.com\/pt-pt\/wp-json\/wp\/v2\/users\/11"}],"replies":[{"embeddable":true,"href":"https:\/\/www.victoriaresortvilamoura.com\/pt-pt\/wp-json\/wp\/v2\/comments?post=422"}],"version-history":[{"count":0,"href":"https:\/\/www.victoriaresortvilamoura.com\/pt-pt\/wp-json\/wp\/v2\/pages\/422\/revisions"}],"wp:attachment":[{"href":"https:\/\/www.victoriaresortvilamoura.com\/pt-pt\/wp-json\/wp\/v2\/media?parent=422"}],"wp:term":[{"taxonomy":"category","embeddable":true,"href":"https:\/\/www.victoriaresortvilamoura.com\/pt-pt\/wp-json\/wp\/v2\/categories?post=422"}],"curies":[{"name":"wp","href":"https:\/\/api.w.org\/{rel}","templated":true}]}}