{"id":424,"date":"2025-10-23T16:09:03","date_gmt":"2025-10-23T16:09:03","guid":{"rendered":"https:\/\/victoriagolf-resort-spa-accor.accorv2prod2.decms.eu\/golf\/"},"modified":"2026-04-13T09:50:34","modified_gmt":"2026-04-13T09:50:34","slug":"golfe","status":"publish","type":"page","link":"https:\/\/www.victoriaresortvilamoura.com\/pt-pt\/golfe\/","title":{"rendered":"Golf"},"content":{"rendered":"<p>Situado no Algarve, \u2013um dos destinos de golfe favoritos da Europa, o \u2013Victoria Golf Resort &amp; Spa, Managed by Accor goza de uma localiza\u00e7\u00e3o privilegiada, com f\u00e1cil acesso aos campos de golfe mais luxuosos da regi\u00e3o.<\/p>\n<p>Concebidos e projetados por renomados e lend\u00e1rios arquitetos de golfe, os campos de Vilamoura oferecem uma experi\u00eancia desafiadora e agrad\u00e1vel para golfistas de todos os n\u00edveis, com um ambiente natural de tirar o f\u00f4lego e vistas magn\u00edficas.<\/p>\n","protected":false},"excerpt":{"rendered":"<p>Situado no Algarve, \u2013um dos destinos de golfe favoritos da Europa, o \u2013Victoria Golf Resort &amp; Spa, Managed by Accor goza de uma localiza\u00e7\u00e3o privilegiada, com f\u00e1cil acesso aos campos de golfe mais luxuosos da regi\u00e3o. Concebidos e projetados por renomados e lend\u00e1rios arquitetos de golfe, os campos de Vilamoura oferecem uma experi\u00eancia desafiadora e [&hellip;]<\/p>\n","protected":false},"author":11,"featured_media":0,"parent":0,"menu_order":90,"comment_status":"closed","ping_status":"closed","template":"template-wedding.php","meta":{"footnotes":""},"categories":[],"class_list":["post-424","page","type-page","status-publish","hentry"],"acf":[],"yoast_head":"<!-- This site is optimized with the Yoast SEO plugin v26.9 - https:\/\/yoast.com\/product\/yoast-seo-wordpress\/ -->\n<title>Golf - Victoria Golf Resort &amp; Spa, managed by Accor<\/title>\n<meta name=\"description\" content=\"Situado no Algarve, \u2013um dos destinos de golfe favoritos da Europa, o \u2013Victoria Golf Resort &amp; Spa, Managed by Accor goza de uma localiza\u00e7\u00e3o\" \/>\n<meta name=\"robots\" content=\"index, follow, max-snippet:-1, max-image-preview:large, max-video-preview:-1\" \/>\n<link rel=\"canonical\" href=\"https:\/\/www.victoriaresortvilamoura.com\/pt-pt\/golfe\/\" \/>\n<meta property=\"og:locale\" content=\"pt_PT\" \/>\n<meta property=\"og:type\" content=\"article\" \/>\n<meta property=\"og:title\" content=\"Golf - Victoria Golf Resort &amp; Spa, managed by Accor\" \/>\n<meta property=\"og:description\" content=\"Situado no Algarve, \u2013um dos destinos de golfe favoritos da Europa, o \u2013Victoria Golf Resort &amp; Spa, Managed by Accor goza de uma localiza\u00e7\u00e3o\" \/>\n<meta property=\"og:url\" content=\"https:\/\/www.victoriaresortvilamoura.com\/pt-pt\/golfe\/\" \/>\n<meta property=\"og:site_name\" content=\"Victoria Golf Resort &amp; Spa, managed by Accor\" \/>\n<meta property=\"article:modified_time\" content=\"2026-04-13T09:50:34+00:00\" \/>\n<meta name=\"twitter:card\" content=\"summary_large_image\" \/>\n<meta name=\"twitter:label1\" content=\"Est. reading time\" \/>\n\t<meta name=\"twitter:data1\" content=\"1 minuto\" \/>\n<script type=\"application\/ld+json\" class=\"yoast-schema-graph\">{\"@context\":\"https:\/\/schema.org\",\"@graph\":[{\"@type\":\"WebPage\",\"@id\":\"https:\/\/www.victoriaresortvilamoura.com\/pt-pt\/golfe\/\",\"url\":\"https:\/\/www.victoriaresortvilamoura.com\/pt-pt\/golfe\/\",\"name\":\"Golf - Victoria Golf Resort &amp; Spa, managed by Accor\",\"isPartOf\":{\"@id\":\"https:\/\/www.victoriaresortvilamoura.com\/#website\"},\"datePublished\":\"2025-10-23T16:09:03+00:00\",\"dateModified\":\"2026-04-13T09:50:34+00:00\",\"description\":\"Situado no Algarve, \u2013um dos destinos de golfe favoritos da Europa, o \u2013Victoria Golf Resort &amp; Spa, Managed by Accor goza de uma localiza\u00e7\u00e3o\",\"breadcrumb\":{\"@id\":\"https:\/\/www.victoriaresortvilamoura.com\/pt-pt\/golfe\/#breadcrumb\"},\"inLanguage\":\"pt-PT\",\"potentialAction\":[{\"@type\":\"ReadAction\",\"target\":[\"https:\/\/www.victoriaresortvilamoura.com\/pt-pt\/golfe\/\"]}]},{\"@type\":\"BreadcrumbList\",\"@id\":\"https:\/\/www.victoriaresortvilamoura.com\/pt-pt\/golfe\/#breadcrumb\",\"itemListElement\":[{\"@type\":\"ListItem\",\"position\":1,\"name\":\"Home\",\"item\":\"https:\/\/www.victoriaresortvilamoura.com\/pt-pt\/\"},{\"@type\":\"ListItem\",\"position\":2,\"name\":\"Golf\"}]},{\"@type\":\"WebSite\",\"@id\":\"https:\/\/www.victoriaresortvilamoura.com\/#website\",\"url\":\"https:\/\/www.victoriaresortvilamoura.com\/\",\"name\":\"Victoria Golf Resort &amp; Spa, managed by Accor\",\"description\":\"\",\"potentialAction\":[{\"@type\":\"SearchAction\",\"target\":{\"@type\":\"EntryPoint\",\"urlTemplate\":\"https:\/\/www.victoriaresortvilamoura.com\/?s={search_term_string}\"},\"query-input\":{\"@type\":\"PropertyValueSpecification\",\"valueRequired\":true,\"valueName\":\"search_term_string\"}}],\"inLanguage\":\"pt-PT\"}]}<\/script>\n<!-- \/ Yoast SEO plugin. -->","yoast_head_json":{"title":"Golf - Victoria Golf Resort &amp; Spa, managed by Accor","description":"Situado no Algarve, \u2013um dos destinos de golfe favoritos da Europa, o \u2013Victoria Golf Resort &amp; Spa, Managed by Accor goza de uma localiza\u00e7\u00e3o","robots":{"index":"index","follow":"follow","max-snippet":"max-snippet:-1","max-image-preview":"max-image-preview:large","max-video-preview":"max-video-preview:-1"},"canonical":"https:\/\/www.victoriaresortvilamoura.com\/pt-pt\/golfe\/","og_locale":"pt_PT","og_type":"article","og_title":"Golf - Victoria Golf Resort &amp; Spa, managed by Accor","og_description":"Situado no Algarve, \u2013um dos destinos de golfe favoritos da Europa, o \u2013Victoria Golf Resort &amp; Spa, Managed by Accor goza de uma localiza\u00e7\u00e3o","og_url":"https:\/\/www.victoriaresortvilamoura.com\/pt-pt\/golfe\/","og_site_name":"Victoria Golf Resort &amp; Spa, managed by Accor","article_modified_time":"2026-04-13T09:50:34+00:00","twitter_card":"summary_large_image","twitter_misc":{"Est. reading time":"1 minuto"},"schema":{"@context":"https:\/\/schema.org","@graph":[{"@type":"WebPage","@id":"https:\/\/www.victoriaresortvilamoura.com\/pt-pt\/golfe\/","url":"https:\/\/www.victoriaresortvilamoura.com\/pt-pt\/golfe\/","name":"Golf - Victoria Golf Resort &amp; Spa, managed by Accor","isPartOf":{"@id":"https:\/\/www.victoriaresortvilamoura.com\/#website"},"datePublished":"2025-10-23T16:09:03+00:00","dateModified":"2026-04-13T09:50:34+00:00","description":"Situado no Algarve, \u2013um dos destinos de golfe favoritos da Europa, o \u2013Victoria Golf Resort &amp; Spa, Managed by Accor goza de uma localiza\u00e7\u00e3o","breadcrumb":{"@id":"https:\/\/www.victoriaresortvilamoura.com\/pt-pt\/golfe\/#breadcrumb"},"inLanguage":"pt-PT","potentialAction":[{"@type":"ReadAction","target":["https:\/\/www.victoriaresortvilamoura.com\/pt-pt\/golfe\/"]}]},{"@type":"BreadcrumbList","@id":"https:\/\/www.victoriaresortvilamoura.com\/pt-pt\/golfe\/#breadcrumb","itemListElement":[{"@type":"ListItem","position":1,"name":"Home","item":"https:\/\/www.victoriaresortvilamoura.com\/pt-pt\/"},{"@type":"ListItem","position":2,"name":"Golf"}]},{"@type":"WebSite","@id":"https:\/\/www.victoriaresortvilamoura.com\/#website","url":"https:\/\/www.victoriaresortvilamoura.com\/","name":"Victoria Golf Resort &amp; Spa, managed by Accor","description":"","potentialAction":[{"@type":"SearchAction","target":{"@type":"EntryPoint","urlTemplate":"https:\/\/www.victoriaresortvilamoura.com\/?s={search_term_string}"},"query-input":{"@type":"PropertyValueSpecification","valueRequired":true,"valueName":"search_term_string"}}],"inLanguage":"pt-PT"}]}},"_links":{"self":[{"href":"https:\/\/www.victoriaresortvilamoura.com\/pt-pt\/wp-json\/wp\/v2\/pages\/424","targetHints":{"allow":["GET"]}}],"collection":[{"href":"https:\/\/www.victoriaresortvilamoura.com\/pt-pt\/wp-json\/wp\/v2\/pages"}],"about":[{"href":"https:\/\/www.victoriaresortvilamoura.com\/pt-pt\/wp-json\/wp\/v2\/types\/page"}],"author":[{"embeddable":true,"href":"https:\/\/www.victoriaresortvilamoura.com\/pt-pt\/wp-json\/wp\/v2\/users\/11"}],"replies":[{"embeddable":true,"href":"https:\/\/www.victoriaresortvilamoura.com\/pt-pt\/wp-json\/wp\/v2\/comments?post=424"}],"version-history":[{"count":0,"href":"https:\/\/www.victoriaresortvilamoura.com\/pt-pt\/wp-json\/wp\/v2\/pages\/424\/revisions"}],"wp:attachment":[{"href":"https:\/\/www.victoriaresortvilamoura.com\/pt-pt\/wp-json\/wp\/v2\/media?parent=424"}],"wp:term":[{"taxonomy":"category","embeddable":true,"href":"https:\/\/www.victoriaresortvilamoura.com\/pt-pt\/wp-json\/wp\/v2\/categories?post=424"}],"curies":[{"name":"wp","href":"https:\/\/api.w.org\/{rel}","templated":true}]}}