{"id":426,"date":"2025-11-04T14:28:47","date_gmt":"2025-11-04T14:28:47","guid":{"rendered":"https:\/\/victoriagolf-resort-spa-accor.accorv2prod2.decms.eu\/private-dining\/"},"modified":"2026-01-15T17:28:19","modified_gmt":"2026-01-15T17:28:19","slug":"private-dining","status":"publish","type":"page","link":"https:\/\/www.victoriaresortvilamoura.com\/pt-pt\/gastronomia\/private-dining\/","title":{"rendered":"Private Dining"},"content":{"rendered":"<p>Eleve a ocasi\u00e3o, reacenda o romance ou celebre algo especial com uma experi\u00eancia gastron\u00f3mica privada inesquec\u00edvel, adaptada ao seu gosto.<\/p>\n<p>Navegue pelos nossos menus gourmet e colabore com o seu chefe dedicado para desenhar cada prato de acordo com as suas prefer\u00eancias. Permita que os nossos experientes sommeliers recomendem o pairing perfeito.<\/p>\n<p>Selecione o seu retiro de jantar privado a partir de uma sele\u00e7\u00e3o de cen\u00e1rios id\u00edlicos e deixe-se surpreender por uma noite memor\u00e1vel.<\/p>\n","protected":false},"excerpt":{"rendered":"<p>Eleve a ocasi\u00e3o, reacenda o romance ou celebre algo especial com uma experi\u00eancia gastron\u00f3mica privada inesquec\u00edvel, adaptada ao seu gosto. Navegue pelos nossos menus gourmet e colabore com o seu chefe dedicado para desenhar cada prato de acordo com as suas prefer\u00eancias. Permita que os nossos experientes sommeliers recomendem o pairing perfeito. Selecione o seu [&hellip;]<\/p>\n","protected":false},"author":11,"featured_media":0,"parent":444,"menu_order":70,"comment_status":"closed","ping_status":"closed","template":"template-restaurant.php","meta":{"footnotes":""},"categories":[],"class_list":["post-426","page","type-page","status-publish","hentry"],"acf":[],"yoast_head":"<!-- This site is optimized with the Yoast SEO plugin v26.9 - https:\/\/yoast.com\/product\/yoast-seo-wordpress\/ -->\n<title>Private Dining - Victoria Golf Resort &amp; Spa, managed by Accor<\/title>\n<meta name=\"description\" content=\"Eleve a ocasi\u00e3o, reacenda o romance ou celebre algo especial com uma experi\u00eancia gastron\u00f3mica privada inesquec\u00edvel, adaptada ao seu gosto. Navegue pelos\" \/>\n<meta name=\"robots\" content=\"index, follow, max-snippet:-1, max-image-preview:large, max-video-preview:-1\" \/>\n<link rel=\"canonical\" href=\"https:\/\/www.victoriaresortvilamoura.com\/pt-pt\/gastronomia\/private-dining\/\" \/>\n<meta property=\"og:locale\" content=\"pt_PT\" \/>\n<meta property=\"og:type\" content=\"article\" \/>\n<meta property=\"og:title\" content=\"Private Dining - Victoria Golf Resort &amp; Spa, managed by Accor\" \/>\n<meta property=\"og:description\" content=\"Eleve a ocasi\u00e3o, reacenda o romance ou celebre algo especial com uma experi\u00eancia gastron\u00f3mica privada inesquec\u00edvel, adaptada ao seu gosto. Navegue pelos\" \/>\n<meta property=\"og:url\" content=\"https:\/\/www.victoriaresortvilamoura.com\/pt-pt\/gastronomia\/private-dining\/\" \/>\n<meta property=\"og:site_name\" content=\"Victoria Golf Resort &amp; Spa, managed by Accor\" \/>\n<meta property=\"article:modified_time\" content=\"2026-01-15T17:28:19+00:00\" \/>\n<meta name=\"twitter:card\" content=\"summary_large_image\" \/>\n<meta name=\"twitter:label1\" content=\"Est. reading time\" \/>\n\t<meta name=\"twitter:data1\" content=\"1 minuto\" \/>\n<script type=\"application\/ld+json\" class=\"yoast-schema-graph\">{\"@context\":\"https:\/\/schema.org\",\"@graph\":[{\"@type\":\"WebPage\",\"@id\":\"https:\/\/www.victoriaresortvilamoura.com\/pt-pt\/gastronomia\/private-dining\/\",\"url\":\"https:\/\/www.victoriaresortvilamoura.com\/pt-pt\/gastronomia\/private-dining\/\",\"name\":\"Private Dining - Victoria Golf Resort &amp; Spa, managed by Accor\",\"isPartOf\":{\"@id\":\"https:\/\/www.victoriaresortvilamoura.com\/#website\"},\"datePublished\":\"2025-11-04T14:28:47+00:00\",\"dateModified\":\"2026-01-15T17:28:19+00:00\",\"description\":\"Eleve a ocasi\u00e3o, reacenda o romance ou celebre algo especial com uma experi\u00eancia gastron\u00f3mica privada inesquec\u00edvel, adaptada ao seu gosto. Navegue pelos\",\"breadcrumb\":{\"@id\":\"https:\/\/www.victoriaresortvilamoura.com\/pt-pt\/gastronomia\/private-dining\/#breadcrumb\"},\"inLanguage\":\"pt-PT\",\"potentialAction\":[{\"@type\":\"ReadAction\",\"target\":[\"https:\/\/www.victoriaresortvilamoura.com\/pt-pt\/gastronomia\/private-dining\/\"]}]},{\"@type\":\"BreadcrumbList\",\"@id\":\"https:\/\/www.victoriaresortvilamoura.com\/pt-pt\/gastronomia\/private-dining\/#breadcrumb\",\"itemListElement\":[{\"@type\":\"ListItem\",\"position\":1,\"name\":\"Home\",\"item\":\"https:\/\/www.victoriaresortvilamoura.com\/pt-pt\/\"},{\"@type\":\"ListItem\",\"position\":2,\"name\":\"Restaurantes &#038; Bares\",\"item\":\"https:\/\/www.victoriaresortvilamoura.com\/pt-pt\/gastronomia\/\"},{\"@type\":\"ListItem\",\"position\":3,\"name\":\"Private Dining\"}]},{\"@type\":\"WebSite\",\"@id\":\"https:\/\/www.victoriaresortvilamoura.com\/#website\",\"url\":\"https:\/\/www.victoriaresortvilamoura.com\/\",\"name\":\"Victoria Golf Resort &amp; Spa, managed by Accor\",\"description\":\"\",\"potentialAction\":[{\"@type\":\"SearchAction\",\"target\":{\"@type\":\"EntryPoint\",\"urlTemplate\":\"https:\/\/www.victoriaresortvilamoura.com\/?s={search_term_string}\"},\"query-input\":{\"@type\":\"PropertyValueSpecification\",\"valueRequired\":true,\"valueName\":\"search_term_string\"}}],\"inLanguage\":\"pt-PT\"}]}<\/script>\n<!-- \/ Yoast SEO plugin. -->","yoast_head_json":{"title":"Private Dining - Victoria Golf Resort &amp; Spa, managed by Accor","description":"Eleve a ocasi\u00e3o, reacenda o romance ou celebre algo especial com uma experi\u00eancia gastron\u00f3mica privada inesquec\u00edvel, adaptada ao seu gosto. Navegue pelos","robots":{"index":"index","follow":"follow","max-snippet":"max-snippet:-1","max-image-preview":"max-image-preview:large","max-video-preview":"max-video-preview:-1"},"canonical":"https:\/\/www.victoriaresortvilamoura.com\/pt-pt\/gastronomia\/private-dining\/","og_locale":"pt_PT","og_type":"article","og_title":"Private Dining - Victoria Golf Resort &amp; Spa, managed by Accor","og_description":"Eleve a ocasi\u00e3o, reacenda o romance ou celebre algo especial com uma experi\u00eancia gastron\u00f3mica privada inesquec\u00edvel, adaptada ao seu gosto. Navegue pelos","og_url":"https:\/\/www.victoriaresortvilamoura.com\/pt-pt\/gastronomia\/private-dining\/","og_site_name":"Victoria Golf Resort &amp; Spa, managed by Accor","article_modified_time":"2026-01-15T17:28:19+00:00","twitter_card":"summary_large_image","twitter_misc":{"Est. reading time":"1 minuto"},"schema":{"@context":"https:\/\/schema.org","@graph":[{"@type":"WebPage","@id":"https:\/\/www.victoriaresortvilamoura.com\/pt-pt\/gastronomia\/private-dining\/","url":"https:\/\/www.victoriaresortvilamoura.com\/pt-pt\/gastronomia\/private-dining\/","name":"Private Dining - Victoria Golf Resort &amp; Spa, managed by Accor","isPartOf":{"@id":"https:\/\/www.victoriaresortvilamoura.com\/#website"},"datePublished":"2025-11-04T14:28:47+00:00","dateModified":"2026-01-15T17:28:19+00:00","description":"Eleve a ocasi\u00e3o, reacenda o romance ou celebre algo especial com uma experi\u00eancia gastron\u00f3mica privada inesquec\u00edvel, adaptada ao seu gosto. Navegue pelos","breadcrumb":{"@id":"https:\/\/www.victoriaresortvilamoura.com\/pt-pt\/gastronomia\/private-dining\/#breadcrumb"},"inLanguage":"pt-PT","potentialAction":[{"@type":"ReadAction","target":["https:\/\/www.victoriaresortvilamoura.com\/pt-pt\/gastronomia\/private-dining\/"]}]},{"@type":"BreadcrumbList","@id":"https:\/\/www.victoriaresortvilamoura.com\/pt-pt\/gastronomia\/private-dining\/#breadcrumb","itemListElement":[{"@type":"ListItem","position":1,"name":"Home","item":"https:\/\/www.victoriaresortvilamoura.com\/pt-pt\/"},{"@type":"ListItem","position":2,"name":"Restaurantes &#038; Bares","item":"https:\/\/www.victoriaresortvilamoura.com\/pt-pt\/gastronomia\/"},{"@type":"ListItem","position":3,"name":"Private Dining"}]},{"@type":"WebSite","@id":"https:\/\/www.victoriaresortvilamoura.com\/#website","url":"https:\/\/www.victoriaresortvilamoura.com\/","name":"Victoria Golf Resort &amp; Spa, managed by Accor","description":"","potentialAction":[{"@type":"SearchAction","target":{"@type":"EntryPoint","urlTemplate":"https:\/\/www.victoriaresortvilamoura.com\/?s={search_term_string}"},"query-input":{"@type":"PropertyValueSpecification","valueRequired":true,"valueName":"search_term_string"}}],"inLanguage":"pt-PT"}]}},"_links":{"self":[{"href":"https:\/\/www.victoriaresortvilamoura.com\/pt-pt\/wp-json\/wp\/v2\/pages\/426","targetHints":{"allow":["GET"]}}],"collection":[{"href":"https:\/\/www.victoriaresortvilamoura.com\/pt-pt\/wp-json\/wp\/v2\/pages"}],"about":[{"href":"https:\/\/www.victoriaresortvilamoura.com\/pt-pt\/wp-json\/wp\/v2\/types\/page"}],"author":[{"embeddable":true,"href":"https:\/\/www.victoriaresortvilamoura.com\/pt-pt\/wp-json\/wp\/v2\/users\/11"}],"replies":[{"embeddable":true,"href":"https:\/\/www.victoriaresortvilamoura.com\/pt-pt\/wp-json\/wp\/v2\/comments?post=426"}],"version-history":[{"count":0,"href":"https:\/\/www.victoriaresortvilamoura.com\/pt-pt\/wp-json\/wp\/v2\/pages\/426\/revisions"}],"up":[{"embeddable":true,"href":"https:\/\/www.victoriaresortvilamoura.com\/pt-pt\/wp-json\/wp\/v2\/pages\/444"}],"wp:attachment":[{"href":"https:\/\/www.victoriaresortvilamoura.com\/pt-pt\/wp-json\/wp\/v2\/media?parent=426"}],"wp:term":[{"taxonomy":"category","embeddable":true,"href":"https:\/\/www.victoriaresortvilamoura.com\/pt-pt\/wp-json\/wp\/v2\/categories?post=426"}],"curies":[{"name":"wp","href":"https:\/\/api.w.org\/{rel}","templated":true}]}}