{"id":430,"date":"2025-11-04T13:48:31","date_gmt":"2025-11-04T13:48:31","guid":{"rendered":"https:\/\/victoriagolf-resort-spa-accor.accorv2prod2.decms.eu\/lobby-lounge\/"},"modified":"2026-04-10T09:49:26","modified_gmt":"2026-04-10T09:49:26","slug":"lobby-lounge","status":"publish","type":"page","link":"https:\/\/www.victoriaresortvilamoura.com\/pt-pt\/gastronomia\/lobby-lounge\/","title":{"rendered":"Lobby Lounge"},"content":{"rendered":"<p><span style=\"font-weight: 400\">Partilhe hist\u00f3rias e momentos memor\u00e1veis com toda a fam\u00edlia ao sabor de um caf\u00e9 fresco ou de um encantador ch\u00e1 da tarde com Past\u00e9is de Nata e pastelaria artesanal neste ambiente elegante e acolhedor. <\/span><\/p>\n<p><span style=\"font-weight: 400\">Os cocktails e mocktails s\u00e3o perfeitos para um aperitivo antes do jantar ou para uma bebida depois do jantar.<\/span><\/p>\n","protected":false},"excerpt":{"rendered":"<p>Partilhe hist\u00f3rias e momentos memor\u00e1veis com toda a fam\u00edlia ao sabor de um caf\u00e9 fresco ou de um encantador ch\u00e1 da tarde com Past\u00e9is de Nata e pastelaria artesanal neste ambiente elegante e acolhedor. Os cocktails e mocktails s\u00e3o perfeitos para um aperitivo antes do jantar ou para uma bebida depois do jantar.<\/p>\n","protected":false},"author":11,"featured_media":0,"parent":444,"menu_order":68,"comment_status":"closed","ping_status":"closed","template":"template-restaurant.php","meta":{"footnotes":""},"categories":[],"class_list":["post-430","page","type-page","status-publish","hentry"],"acf":[],"yoast_head":"<!-- This site is optimized with the Yoast SEO plugin v26.9 - https:\/\/yoast.com\/product\/yoast-seo-wordpress\/ -->\n<title>Lobby Lounge - Victoria Golf Resort &amp; Spa, managed by Accor<\/title>\n<meta name=\"description\" content=\"Partilhe hist\u00f3rias e momentos memor\u00e1veis com toda a fam\u00edlia ao sabor de um caf\u00e9 fresco ou de um encantador ch\u00e1 da tarde com Past\u00e9is de Nata e pastelaria\" \/>\n<meta name=\"robots\" content=\"index, follow, max-snippet:-1, max-image-preview:large, max-video-preview:-1\" \/>\n<link rel=\"canonical\" href=\"https:\/\/www.victoriaresortvilamoura.com\/pt-pt\/gastronomia\/lobby-lounge\/\" \/>\n<meta property=\"og:locale\" content=\"pt_PT\" \/>\n<meta property=\"og:type\" content=\"article\" \/>\n<meta property=\"og:title\" content=\"Lobby Lounge - Victoria Golf Resort &amp; Spa, managed by Accor\" \/>\n<meta property=\"og:description\" content=\"Partilhe hist\u00f3rias e momentos memor\u00e1veis com toda a fam\u00edlia ao sabor de um caf\u00e9 fresco ou de um encantador ch\u00e1 da tarde com Past\u00e9is de Nata e pastelaria\" \/>\n<meta property=\"og:url\" content=\"https:\/\/www.victoriaresortvilamoura.com\/pt-pt\/gastronomia\/lobby-lounge\/\" \/>\n<meta property=\"og:site_name\" content=\"Victoria Golf Resort &amp; Spa, managed by Accor\" \/>\n<meta property=\"article:modified_time\" content=\"2026-04-10T09:49:26+00:00\" \/>\n<meta name=\"twitter:card\" content=\"summary_large_image\" \/>\n<meta name=\"twitter:label1\" content=\"Est. reading time\" \/>\n\t<meta name=\"twitter:data1\" content=\"1 minuto\" \/>\n<script type=\"application\/ld+json\" class=\"yoast-schema-graph\">{\"@context\":\"https:\/\/schema.org\",\"@graph\":[{\"@type\":\"WebPage\",\"@id\":\"https:\/\/www.victoriaresortvilamoura.com\/pt-pt\/gastronomia\/lobby-lounge\/\",\"url\":\"https:\/\/www.victoriaresortvilamoura.com\/pt-pt\/gastronomia\/lobby-lounge\/\",\"name\":\"Lobby Lounge - Victoria Golf Resort &amp; Spa, managed by Accor\",\"isPartOf\":{\"@id\":\"https:\/\/www.victoriaresortvilamoura.com\/#website\"},\"datePublished\":\"2025-11-04T13:48:31+00:00\",\"dateModified\":\"2026-04-10T09:49:26+00:00\",\"description\":\"Partilhe hist\u00f3rias e momentos memor\u00e1veis com toda a fam\u00edlia ao sabor de um caf\u00e9 fresco ou de um encantador ch\u00e1 da tarde com Past\u00e9is de Nata e pastelaria\",\"breadcrumb\":{\"@id\":\"https:\/\/www.victoriaresortvilamoura.com\/pt-pt\/gastronomia\/lobby-lounge\/#breadcrumb\"},\"inLanguage\":\"pt-PT\",\"potentialAction\":[{\"@type\":\"ReadAction\",\"target\":[\"https:\/\/www.victoriaresortvilamoura.com\/pt-pt\/gastronomia\/lobby-lounge\/\"]}]},{\"@type\":\"BreadcrumbList\",\"@id\":\"https:\/\/www.victoriaresortvilamoura.com\/pt-pt\/gastronomia\/lobby-lounge\/#breadcrumb\",\"itemListElement\":[{\"@type\":\"ListItem\",\"position\":1,\"name\":\"Home\",\"item\":\"https:\/\/www.victoriaresortvilamoura.com\/pt-pt\/\"},{\"@type\":\"ListItem\",\"position\":2,\"name\":\"Restaurantes &#038; Bares\",\"item\":\"https:\/\/www.victoriaresortvilamoura.com\/pt-pt\/gastronomia\/\"},{\"@type\":\"ListItem\",\"position\":3,\"name\":\"Lobby Lounge\"}]},{\"@type\":\"WebSite\",\"@id\":\"https:\/\/www.victoriaresortvilamoura.com\/#website\",\"url\":\"https:\/\/www.victoriaresortvilamoura.com\/\",\"name\":\"Victoria Golf Resort &amp; Spa, managed by Accor\",\"description\":\"\",\"potentialAction\":[{\"@type\":\"SearchAction\",\"target\":{\"@type\":\"EntryPoint\",\"urlTemplate\":\"https:\/\/www.victoriaresortvilamoura.com\/?s={search_term_string}\"},\"query-input\":{\"@type\":\"PropertyValueSpecification\",\"valueRequired\":true,\"valueName\":\"search_term_string\"}}],\"inLanguage\":\"pt-PT\"}]}<\/script>\n<!-- \/ Yoast SEO plugin. -->","yoast_head_json":{"title":"Lobby Lounge - Victoria Golf Resort &amp; Spa, managed by Accor","description":"Partilhe hist\u00f3rias e momentos memor\u00e1veis com toda a fam\u00edlia ao sabor de um caf\u00e9 fresco ou de um encantador ch\u00e1 da tarde com Past\u00e9is de Nata e pastelaria","robots":{"index":"index","follow":"follow","max-snippet":"max-snippet:-1","max-image-preview":"max-image-preview:large","max-video-preview":"max-video-preview:-1"},"canonical":"https:\/\/www.victoriaresortvilamoura.com\/pt-pt\/gastronomia\/lobby-lounge\/","og_locale":"pt_PT","og_type":"article","og_title":"Lobby Lounge - Victoria Golf Resort &amp; Spa, managed by Accor","og_description":"Partilhe hist\u00f3rias e momentos memor\u00e1veis com toda a fam\u00edlia ao sabor de um caf\u00e9 fresco ou de um encantador ch\u00e1 da tarde com Past\u00e9is de Nata e pastelaria","og_url":"https:\/\/www.victoriaresortvilamoura.com\/pt-pt\/gastronomia\/lobby-lounge\/","og_site_name":"Victoria Golf Resort &amp; Spa, managed by Accor","article_modified_time":"2026-04-10T09:49:26+00:00","twitter_card":"summary_large_image","twitter_misc":{"Est. reading time":"1 minuto"},"schema":{"@context":"https:\/\/schema.org","@graph":[{"@type":"WebPage","@id":"https:\/\/www.victoriaresortvilamoura.com\/pt-pt\/gastronomia\/lobby-lounge\/","url":"https:\/\/www.victoriaresortvilamoura.com\/pt-pt\/gastronomia\/lobby-lounge\/","name":"Lobby Lounge - Victoria Golf Resort &amp; Spa, managed by Accor","isPartOf":{"@id":"https:\/\/www.victoriaresortvilamoura.com\/#website"},"datePublished":"2025-11-04T13:48:31+00:00","dateModified":"2026-04-10T09:49:26+00:00","description":"Partilhe hist\u00f3rias e momentos memor\u00e1veis com toda a fam\u00edlia ao sabor de um caf\u00e9 fresco ou de um encantador ch\u00e1 da tarde com Past\u00e9is de Nata e pastelaria","breadcrumb":{"@id":"https:\/\/www.victoriaresortvilamoura.com\/pt-pt\/gastronomia\/lobby-lounge\/#breadcrumb"},"inLanguage":"pt-PT","potentialAction":[{"@type":"ReadAction","target":["https:\/\/www.victoriaresortvilamoura.com\/pt-pt\/gastronomia\/lobby-lounge\/"]}]},{"@type":"BreadcrumbList","@id":"https:\/\/www.victoriaresortvilamoura.com\/pt-pt\/gastronomia\/lobby-lounge\/#breadcrumb","itemListElement":[{"@type":"ListItem","position":1,"name":"Home","item":"https:\/\/www.victoriaresortvilamoura.com\/pt-pt\/"},{"@type":"ListItem","position":2,"name":"Restaurantes &#038; Bares","item":"https:\/\/www.victoriaresortvilamoura.com\/pt-pt\/gastronomia\/"},{"@type":"ListItem","position":3,"name":"Lobby Lounge"}]},{"@type":"WebSite","@id":"https:\/\/www.victoriaresortvilamoura.com\/#website","url":"https:\/\/www.victoriaresortvilamoura.com\/","name":"Victoria Golf Resort &amp; Spa, managed by Accor","description":"","potentialAction":[{"@type":"SearchAction","target":{"@type":"EntryPoint","urlTemplate":"https:\/\/www.victoriaresortvilamoura.com\/?s={search_term_string}"},"query-input":{"@type":"PropertyValueSpecification","valueRequired":true,"valueName":"search_term_string"}}],"inLanguage":"pt-PT"}]}},"_links":{"self":[{"href":"https:\/\/www.victoriaresortvilamoura.com\/pt-pt\/wp-json\/wp\/v2\/pages\/430","targetHints":{"allow":["GET"]}}],"collection":[{"href":"https:\/\/www.victoriaresortvilamoura.com\/pt-pt\/wp-json\/wp\/v2\/pages"}],"about":[{"href":"https:\/\/www.victoriaresortvilamoura.com\/pt-pt\/wp-json\/wp\/v2\/types\/page"}],"author":[{"embeddable":true,"href":"https:\/\/www.victoriaresortvilamoura.com\/pt-pt\/wp-json\/wp\/v2\/users\/11"}],"replies":[{"embeddable":true,"href":"https:\/\/www.victoriaresortvilamoura.com\/pt-pt\/wp-json\/wp\/v2\/comments?post=430"}],"version-history":[{"count":0,"href":"https:\/\/www.victoriaresortvilamoura.com\/pt-pt\/wp-json\/wp\/v2\/pages\/430\/revisions"}],"up":[{"embeddable":true,"href":"https:\/\/www.victoriaresortvilamoura.com\/pt-pt\/wp-json\/wp\/v2\/pages\/444"}],"wp:attachment":[{"href":"https:\/\/www.victoriaresortvilamoura.com\/pt-pt\/wp-json\/wp\/v2\/media?parent=430"}],"wp:term":[{"taxonomy":"category","embeddable":true,"href":"https:\/\/www.victoriaresortvilamoura.com\/pt-pt\/wp-json\/wp\/v2\/categories?post=430"}],"curies":[{"name":"wp","href":"https:\/\/api.w.org\/{rel}","templated":true}]}}