{"id":434,"date":"2025-11-04T13:15:38","date_gmt":"2025-11-04T13:15:38","guid":{"rendered":"https:\/\/victoriagolf-resort-spa-accor.accorv2prod2.decms.eu\/cascades-pool-bar\/"},"modified":"2026-01-15T17:27:12","modified_gmt":"2026-01-15T17:27:12","slug":"cascades-pool-bar","status":"publish","type":"page","link":"https:\/\/www.victoriaresortvilamoura.com\/pt-pt\/gastronomia\/cascades-pool-bar\/","title":{"rendered":"Cascades Pool Bar"},"content":{"rendered":"<p>Desde o in\u00edcio do dia at\u00e9 ao p\u00f4r do sol, os h\u00f3spedes deleitam-se com iguarias deliciosas no ambiente sereno da piscina Cascades.<\/p>\n<p>Os pool butlers servem bebidas geladas e mocktails suculentos junto \u00e0s espregui\u00e7adeiras, enquanto uma carta de tentadoras cria\u00e7\u00f5es satisfaz qualquer desejo entre mergulhos refrescantes.<\/p>\n","protected":false},"excerpt":{"rendered":"<p>Desde o in\u00edcio do dia at\u00e9 ao p\u00f4r do sol, os h\u00f3spedes deleitam-se com iguarias deliciosas no ambiente sereno da piscina Cascades. Os pool butlers servem bebidas geladas e mocktails suculentos junto \u00e0s espregui\u00e7adeiras, enquanto uma carta de tentadoras cria\u00e7\u00f5es satisfaz qualquer desejo entre mergulhos refrescantes.<\/p>\n","protected":false},"author":11,"featured_media":0,"parent":444,"menu_order":66,"comment_status":"closed","ping_status":"closed","template":"template-restaurant.php","meta":{"footnotes":""},"categories":[],"class_list":["post-434","page","type-page","status-publish","hentry"],"acf":[],"yoast_head":"<!-- This site is optimized with the Yoast SEO plugin v26.9 - https:\/\/yoast.com\/product\/yoast-seo-wordpress\/ -->\n<title>Cascades Pool Bar - Victoria Golf Resort &amp; Spa, managed by Accor<\/title>\n<meta name=\"description\" content=\"Desde o in\u00edcio do dia at\u00e9 ao p\u00f4r do sol, os h\u00f3spedes deleitam-se com iguarias deliciosas no ambiente sereno da piscina Cascades. Os pool butlers servem\" \/>\n<meta name=\"robots\" content=\"index, follow, max-snippet:-1, max-image-preview:large, max-video-preview:-1\" \/>\n<link rel=\"canonical\" href=\"https:\/\/www.victoriaresortvilamoura.com\/pt-pt\/gastronomia\/cascades-pool-bar\/\" \/>\n<meta property=\"og:locale\" content=\"pt_PT\" \/>\n<meta property=\"og:type\" content=\"article\" \/>\n<meta property=\"og:title\" content=\"Cascades Pool Bar - Victoria Golf Resort &amp; Spa, managed by Accor\" \/>\n<meta property=\"og:description\" content=\"Desde o in\u00edcio do dia at\u00e9 ao p\u00f4r do sol, os h\u00f3spedes deleitam-se com iguarias deliciosas no ambiente sereno da piscina Cascades. Os pool butlers servem\" \/>\n<meta property=\"og:url\" content=\"https:\/\/www.victoriaresortvilamoura.com\/pt-pt\/gastronomia\/cascades-pool-bar\/\" \/>\n<meta property=\"og:site_name\" content=\"Victoria Golf Resort &amp; Spa, managed by Accor\" \/>\n<meta property=\"article:modified_time\" content=\"2026-01-15T17:27:12+00:00\" \/>\n<meta name=\"twitter:card\" content=\"summary_large_image\" \/>\n<script type=\"application\/ld+json\" class=\"yoast-schema-graph\">{\"@context\":\"https:\/\/schema.org\",\"@graph\":[{\"@type\":\"WebPage\",\"@id\":\"https:\/\/www.victoriaresortvilamoura.com\/pt-pt\/gastronomia\/cascades-pool-bar\/\",\"url\":\"https:\/\/www.victoriaresortvilamoura.com\/pt-pt\/gastronomia\/cascades-pool-bar\/\",\"name\":\"Cascades Pool Bar - Victoria Golf Resort &amp; Spa, managed by Accor\",\"isPartOf\":{\"@id\":\"https:\/\/www.victoriaresortvilamoura.com\/#website\"},\"datePublished\":\"2025-11-04T13:15:38+00:00\",\"dateModified\":\"2026-01-15T17:27:12+00:00\",\"description\":\"Desde o in\u00edcio do dia at\u00e9 ao p\u00f4r do sol, os h\u00f3spedes deleitam-se com iguarias deliciosas no ambiente sereno da piscina Cascades. Os pool butlers servem\",\"breadcrumb\":{\"@id\":\"https:\/\/www.victoriaresortvilamoura.com\/pt-pt\/gastronomia\/cascades-pool-bar\/#breadcrumb\"},\"inLanguage\":\"pt-PT\",\"potentialAction\":[{\"@type\":\"ReadAction\",\"target\":[\"https:\/\/www.victoriaresortvilamoura.com\/pt-pt\/gastronomia\/cascades-pool-bar\/\"]}]},{\"@type\":\"BreadcrumbList\",\"@id\":\"https:\/\/www.victoriaresortvilamoura.com\/pt-pt\/gastronomia\/cascades-pool-bar\/#breadcrumb\",\"itemListElement\":[{\"@type\":\"ListItem\",\"position\":1,\"name\":\"Home\",\"item\":\"https:\/\/www.victoriaresortvilamoura.com\/pt-pt\/\"},{\"@type\":\"ListItem\",\"position\":2,\"name\":\"Restaurantes &#038; Bares\",\"item\":\"https:\/\/www.victoriaresortvilamoura.com\/pt-pt\/gastronomia\/\"},{\"@type\":\"ListItem\",\"position\":3,\"name\":\"Cascades Pool Bar\"}]},{\"@type\":\"WebSite\",\"@id\":\"https:\/\/www.victoriaresortvilamoura.com\/#website\",\"url\":\"https:\/\/www.victoriaresortvilamoura.com\/\",\"name\":\"Victoria Golf Resort &amp; Spa, managed by Accor\",\"description\":\"\",\"potentialAction\":[{\"@type\":\"SearchAction\",\"target\":{\"@type\":\"EntryPoint\",\"urlTemplate\":\"https:\/\/www.victoriaresortvilamoura.com\/?s={search_term_string}\"},\"query-input\":{\"@type\":\"PropertyValueSpecification\",\"valueRequired\":true,\"valueName\":\"search_term_string\"}}],\"inLanguage\":\"pt-PT\"}]}<\/script>\n<!-- \/ Yoast SEO plugin. -->","yoast_head_json":{"title":"Cascades Pool Bar - Victoria Golf Resort &amp; Spa, managed by Accor","description":"Desde o in\u00edcio do dia at\u00e9 ao p\u00f4r do sol, os h\u00f3spedes deleitam-se com iguarias deliciosas no ambiente sereno da piscina Cascades. Os pool butlers servem","robots":{"index":"index","follow":"follow","max-snippet":"max-snippet:-1","max-image-preview":"max-image-preview:large","max-video-preview":"max-video-preview:-1"},"canonical":"https:\/\/www.victoriaresortvilamoura.com\/pt-pt\/gastronomia\/cascades-pool-bar\/","og_locale":"pt_PT","og_type":"article","og_title":"Cascades Pool Bar - Victoria Golf Resort &amp; Spa, managed by Accor","og_description":"Desde o in\u00edcio do dia at\u00e9 ao p\u00f4r do sol, os h\u00f3spedes deleitam-se com iguarias deliciosas no ambiente sereno da piscina Cascades. Os pool butlers servem","og_url":"https:\/\/www.victoriaresortvilamoura.com\/pt-pt\/gastronomia\/cascades-pool-bar\/","og_site_name":"Victoria Golf Resort &amp; Spa, managed by Accor","article_modified_time":"2026-01-15T17:27:12+00:00","twitter_card":"summary_large_image","schema":{"@context":"https:\/\/schema.org","@graph":[{"@type":"WebPage","@id":"https:\/\/www.victoriaresortvilamoura.com\/pt-pt\/gastronomia\/cascades-pool-bar\/","url":"https:\/\/www.victoriaresortvilamoura.com\/pt-pt\/gastronomia\/cascades-pool-bar\/","name":"Cascades Pool Bar - Victoria Golf Resort &amp; Spa, managed by Accor","isPartOf":{"@id":"https:\/\/www.victoriaresortvilamoura.com\/#website"},"datePublished":"2025-11-04T13:15:38+00:00","dateModified":"2026-01-15T17:27:12+00:00","description":"Desde o in\u00edcio do dia at\u00e9 ao p\u00f4r do sol, os h\u00f3spedes deleitam-se com iguarias deliciosas no ambiente sereno da piscina Cascades. Os pool butlers servem","breadcrumb":{"@id":"https:\/\/www.victoriaresortvilamoura.com\/pt-pt\/gastronomia\/cascades-pool-bar\/#breadcrumb"},"inLanguage":"pt-PT","potentialAction":[{"@type":"ReadAction","target":["https:\/\/www.victoriaresortvilamoura.com\/pt-pt\/gastronomia\/cascades-pool-bar\/"]}]},{"@type":"BreadcrumbList","@id":"https:\/\/www.victoriaresortvilamoura.com\/pt-pt\/gastronomia\/cascades-pool-bar\/#breadcrumb","itemListElement":[{"@type":"ListItem","position":1,"name":"Home","item":"https:\/\/www.victoriaresortvilamoura.com\/pt-pt\/"},{"@type":"ListItem","position":2,"name":"Restaurantes &#038; Bares","item":"https:\/\/www.victoriaresortvilamoura.com\/pt-pt\/gastronomia\/"},{"@type":"ListItem","position":3,"name":"Cascades Pool Bar"}]},{"@type":"WebSite","@id":"https:\/\/www.victoriaresortvilamoura.com\/#website","url":"https:\/\/www.victoriaresortvilamoura.com\/","name":"Victoria Golf Resort &amp; Spa, managed by Accor","description":"","potentialAction":[{"@type":"SearchAction","target":{"@type":"EntryPoint","urlTemplate":"https:\/\/www.victoriaresortvilamoura.com\/?s={search_term_string}"},"query-input":{"@type":"PropertyValueSpecification","valueRequired":true,"valueName":"search_term_string"}}],"inLanguage":"pt-PT"}]}},"_links":{"self":[{"href":"https:\/\/www.victoriaresortvilamoura.com\/pt-pt\/wp-json\/wp\/v2\/pages\/434","targetHints":{"allow":["GET"]}}],"collection":[{"href":"https:\/\/www.victoriaresortvilamoura.com\/pt-pt\/wp-json\/wp\/v2\/pages"}],"about":[{"href":"https:\/\/www.victoriaresortvilamoura.com\/pt-pt\/wp-json\/wp\/v2\/types\/page"}],"author":[{"embeddable":true,"href":"https:\/\/www.victoriaresortvilamoura.com\/pt-pt\/wp-json\/wp\/v2\/users\/11"}],"replies":[{"embeddable":true,"href":"https:\/\/www.victoriaresortvilamoura.com\/pt-pt\/wp-json\/wp\/v2\/comments?post=434"}],"version-history":[{"count":0,"href":"https:\/\/www.victoriaresortvilamoura.com\/pt-pt\/wp-json\/wp\/v2\/pages\/434\/revisions"}],"up":[{"embeddable":true,"href":"https:\/\/www.victoriaresortvilamoura.com\/pt-pt\/wp-json\/wp\/v2\/pages\/444"}],"wp:attachment":[{"href":"https:\/\/www.victoriaresortvilamoura.com\/pt-pt\/wp-json\/wp\/v2\/media?parent=434"}],"wp:term":[{"taxonomy":"category","embeddable":true,"href":"https:\/\/www.victoriaresortvilamoura.com\/pt-pt\/wp-json\/wp\/v2\/categories?post=434"}],"curies":[{"name":"wp","href":"https:\/\/api.w.org\/{rel}","templated":true}]}}