{"id":436,"date":"2025-11-03T17:58:39","date_gmt":"2025-11-03T17:58:39","guid":{"rendered":"https:\/\/victoriagolf-resort-spa-accor.accorv2prod2.decms.eu\/le-palms-pool\/"},"modified":"2026-04-10T09:41:54","modified_gmt":"2026-04-10T09:41:54","slug":"le-palms-pool","status":"publish","type":"page","link":"https:\/\/www.victoriaresortvilamoura.com\/pt-pt\/gastronomia\/le-palms-pool\/","title":{"rendered":"Le Palms Pool"},"content":{"rendered":"<p><span style=\"font-weight: 400\">Descontraia junto \u00e0 piscina com bebidas refrescantes e deliciosos snacks. Relaxe nas confort\u00e1veis espregui\u00e7adeiras, saboreie um menu de almo\u00e7o ligeiro ou refugie-se numa cama balinesa \u00e0 sombra com uma flute de champanhe. <\/span><\/p>\n<p><span style=\"font-weight: 400\">Os atenciosos pool butlers tratar\u00e3o de tudo para que possa desfrutar ao m\u00e1ximo.\u00a0<\/span><\/p>\n","protected":false},"excerpt":{"rendered":"<p>Descontraia junto \u00e0 piscina com bebidas refrescantes e deliciosos snacks. Relaxe nas confort\u00e1veis espregui\u00e7adeiras, saboreie um menu de almo\u00e7o ligeiro ou refugie-se numa cama balinesa \u00e0 sombra com uma flute de champanhe. Os atenciosos pool butlers tratar\u00e3o de tudo para que possa desfrutar ao m\u00e1ximo.\u00a0<\/p>\n","protected":false},"author":11,"featured_media":0,"parent":444,"menu_order":65,"comment_status":"closed","ping_status":"closed","template":"template-restaurant.php","meta":{"footnotes":""},"categories":[],"class_list":["post-436","page","type-page","status-publish","hentry"],"acf":[],"yoast_head":"<!-- This site is optimized with the Yoast SEO plugin v26.9 - https:\/\/yoast.com\/product\/yoast-seo-wordpress\/ -->\n<title>Le Palms Pool - Victoria Golf Resort &amp; Spa, managed by Accor<\/title>\n<meta name=\"description\" content=\"Descontraia junto \u00e0 piscina com bebidas refrescantes e deliciosos snacks. Relaxe nas confort\u00e1veis espregui\u00e7adeiras, saboreie um menu de almo\u00e7o ligeiro ou\" \/>\n<meta name=\"robots\" content=\"index, follow, max-snippet:-1, max-image-preview:large, max-video-preview:-1\" \/>\n<link rel=\"canonical\" href=\"https:\/\/www.victoriaresortvilamoura.com\/pt-pt\/gastronomia\/le-palms-pool\/\" \/>\n<meta property=\"og:locale\" content=\"pt_PT\" \/>\n<meta property=\"og:type\" content=\"article\" \/>\n<meta property=\"og:title\" content=\"Le Palms Pool - Victoria Golf Resort &amp; Spa, managed by Accor\" \/>\n<meta property=\"og:description\" content=\"Descontraia junto \u00e0 piscina com bebidas refrescantes e deliciosos snacks. Relaxe nas confort\u00e1veis espregui\u00e7adeiras, saboreie um menu de almo\u00e7o ligeiro ou\" \/>\n<meta property=\"og:url\" content=\"https:\/\/www.victoriaresortvilamoura.com\/pt-pt\/gastronomia\/le-palms-pool\/\" \/>\n<meta property=\"og:site_name\" content=\"Victoria Golf Resort &amp; Spa, managed by Accor\" \/>\n<meta property=\"article:modified_time\" content=\"2026-04-10T09:41:54+00:00\" \/>\n<meta name=\"twitter:card\" content=\"summary_large_image\" \/>\n<meta name=\"twitter:label1\" content=\"Est. reading time\" \/>\n\t<meta name=\"twitter:data1\" content=\"1 minuto\" \/>\n<script type=\"application\/ld+json\" class=\"yoast-schema-graph\">{\"@context\":\"https:\/\/schema.org\",\"@graph\":[{\"@type\":\"WebPage\",\"@id\":\"https:\/\/www.victoriaresortvilamoura.com\/pt-pt\/gastronomia\/le-palms-pool\/\",\"url\":\"https:\/\/www.victoriaresortvilamoura.com\/pt-pt\/gastronomia\/le-palms-pool\/\",\"name\":\"Le Palms Pool - Victoria Golf Resort &amp; Spa, managed by Accor\",\"isPartOf\":{\"@id\":\"https:\/\/www.victoriaresortvilamoura.com\/#website\"},\"datePublished\":\"2025-11-03T17:58:39+00:00\",\"dateModified\":\"2026-04-10T09:41:54+00:00\",\"description\":\"Descontraia junto \u00e0 piscina com bebidas refrescantes e deliciosos snacks. Relaxe nas confort\u00e1veis espregui\u00e7adeiras, saboreie um menu de almo\u00e7o ligeiro ou\",\"breadcrumb\":{\"@id\":\"https:\/\/www.victoriaresortvilamoura.com\/pt-pt\/gastronomia\/le-palms-pool\/#breadcrumb\"},\"inLanguage\":\"pt-PT\",\"potentialAction\":[{\"@type\":\"ReadAction\",\"target\":[\"https:\/\/www.victoriaresortvilamoura.com\/pt-pt\/gastronomia\/le-palms-pool\/\"]}]},{\"@type\":\"BreadcrumbList\",\"@id\":\"https:\/\/www.victoriaresortvilamoura.com\/pt-pt\/gastronomia\/le-palms-pool\/#breadcrumb\",\"itemListElement\":[{\"@type\":\"ListItem\",\"position\":1,\"name\":\"Home\",\"item\":\"https:\/\/www.victoriaresortvilamoura.com\/pt-pt\/\"},{\"@type\":\"ListItem\",\"position\":2,\"name\":\"Restaurantes &#038; Bares\",\"item\":\"https:\/\/www.victoriaresortvilamoura.com\/pt-pt\/gastronomia\/\"},{\"@type\":\"ListItem\",\"position\":3,\"name\":\"Le Palms Pool\"}]},{\"@type\":\"WebSite\",\"@id\":\"https:\/\/www.victoriaresortvilamoura.com\/#website\",\"url\":\"https:\/\/www.victoriaresortvilamoura.com\/\",\"name\":\"Victoria Golf Resort &amp; Spa, managed by Accor\",\"description\":\"\",\"potentialAction\":[{\"@type\":\"SearchAction\",\"target\":{\"@type\":\"EntryPoint\",\"urlTemplate\":\"https:\/\/www.victoriaresortvilamoura.com\/?s={search_term_string}\"},\"query-input\":{\"@type\":\"PropertyValueSpecification\",\"valueRequired\":true,\"valueName\":\"search_term_string\"}}],\"inLanguage\":\"pt-PT\"}]}<\/script>\n<!-- \/ Yoast SEO plugin. -->","yoast_head_json":{"title":"Le Palms Pool - Victoria Golf Resort &amp; Spa, managed by Accor","description":"Descontraia junto \u00e0 piscina com bebidas refrescantes e deliciosos snacks. Relaxe nas confort\u00e1veis espregui\u00e7adeiras, saboreie um menu de almo\u00e7o ligeiro ou","robots":{"index":"index","follow":"follow","max-snippet":"max-snippet:-1","max-image-preview":"max-image-preview:large","max-video-preview":"max-video-preview:-1"},"canonical":"https:\/\/www.victoriaresortvilamoura.com\/pt-pt\/gastronomia\/le-palms-pool\/","og_locale":"pt_PT","og_type":"article","og_title":"Le Palms Pool - Victoria Golf Resort &amp; Spa, managed by Accor","og_description":"Descontraia junto \u00e0 piscina com bebidas refrescantes e deliciosos snacks. Relaxe nas confort\u00e1veis espregui\u00e7adeiras, saboreie um menu de almo\u00e7o ligeiro ou","og_url":"https:\/\/www.victoriaresortvilamoura.com\/pt-pt\/gastronomia\/le-palms-pool\/","og_site_name":"Victoria Golf Resort &amp; Spa, managed by Accor","article_modified_time":"2026-04-10T09:41:54+00:00","twitter_card":"summary_large_image","twitter_misc":{"Est. reading time":"1 minuto"},"schema":{"@context":"https:\/\/schema.org","@graph":[{"@type":"WebPage","@id":"https:\/\/www.victoriaresortvilamoura.com\/pt-pt\/gastronomia\/le-palms-pool\/","url":"https:\/\/www.victoriaresortvilamoura.com\/pt-pt\/gastronomia\/le-palms-pool\/","name":"Le Palms Pool - Victoria Golf Resort &amp; Spa, managed by Accor","isPartOf":{"@id":"https:\/\/www.victoriaresortvilamoura.com\/#website"},"datePublished":"2025-11-03T17:58:39+00:00","dateModified":"2026-04-10T09:41:54+00:00","description":"Descontraia junto \u00e0 piscina com bebidas refrescantes e deliciosos snacks. Relaxe nas confort\u00e1veis espregui\u00e7adeiras, saboreie um menu de almo\u00e7o ligeiro ou","breadcrumb":{"@id":"https:\/\/www.victoriaresortvilamoura.com\/pt-pt\/gastronomia\/le-palms-pool\/#breadcrumb"},"inLanguage":"pt-PT","potentialAction":[{"@type":"ReadAction","target":["https:\/\/www.victoriaresortvilamoura.com\/pt-pt\/gastronomia\/le-palms-pool\/"]}]},{"@type":"BreadcrumbList","@id":"https:\/\/www.victoriaresortvilamoura.com\/pt-pt\/gastronomia\/le-palms-pool\/#breadcrumb","itemListElement":[{"@type":"ListItem","position":1,"name":"Home","item":"https:\/\/www.victoriaresortvilamoura.com\/pt-pt\/"},{"@type":"ListItem","position":2,"name":"Restaurantes &#038; Bares","item":"https:\/\/www.victoriaresortvilamoura.com\/pt-pt\/gastronomia\/"},{"@type":"ListItem","position":3,"name":"Le Palms Pool"}]},{"@type":"WebSite","@id":"https:\/\/www.victoriaresortvilamoura.com\/#website","url":"https:\/\/www.victoriaresortvilamoura.com\/","name":"Victoria Golf Resort &amp; Spa, managed by Accor","description":"","potentialAction":[{"@type":"SearchAction","target":{"@type":"EntryPoint","urlTemplate":"https:\/\/www.victoriaresortvilamoura.com\/?s={search_term_string}"},"query-input":{"@type":"PropertyValueSpecification","valueRequired":true,"valueName":"search_term_string"}}],"inLanguage":"pt-PT"}]}},"_links":{"self":[{"href":"https:\/\/www.victoriaresortvilamoura.com\/pt-pt\/wp-json\/wp\/v2\/pages\/436","targetHints":{"allow":["GET"]}}],"collection":[{"href":"https:\/\/www.victoriaresortvilamoura.com\/pt-pt\/wp-json\/wp\/v2\/pages"}],"about":[{"href":"https:\/\/www.victoriaresortvilamoura.com\/pt-pt\/wp-json\/wp\/v2\/types\/page"}],"author":[{"embeddable":true,"href":"https:\/\/www.victoriaresortvilamoura.com\/pt-pt\/wp-json\/wp\/v2\/users\/11"}],"replies":[{"embeddable":true,"href":"https:\/\/www.victoriaresortvilamoura.com\/pt-pt\/wp-json\/wp\/v2\/comments?post=436"}],"version-history":[{"count":0,"href":"https:\/\/www.victoriaresortvilamoura.com\/pt-pt\/wp-json\/wp\/v2\/pages\/436\/revisions"}],"up":[{"embeddable":true,"href":"https:\/\/www.victoriaresortvilamoura.com\/pt-pt\/wp-json\/wp\/v2\/pages\/444"}],"wp:attachment":[{"href":"https:\/\/www.victoriaresortvilamoura.com\/pt-pt\/wp-json\/wp\/v2\/media?parent=436"}],"wp:term":[{"taxonomy":"category","embeddable":true,"href":"https:\/\/www.victoriaresortvilamoura.com\/pt-pt\/wp-json\/wp\/v2\/categories?post=436"}],"curies":[{"name":"wp","href":"https:\/\/api.w.org\/{rel}","templated":true}]}}