{"id":444,"date":"2025-10-28T14:20:30","date_gmt":"2025-10-28T14:20:30","guid":{"rendered":"https:\/\/victoriagolf-resort-spa-accor.accorv2prod2.decms.eu\/dining\/"},"modified":"2025-11-07T17:54:36","modified_gmt":"2025-11-07T17:54:36","slug":"gastronomia","status":"publish","type":"page","link":"https:\/\/www.victoriaresortvilamoura.com\/pt-pt\/gastronomia\/","title":{"rendered":"Restaurantes &#038; Bares"},"content":{"rendered":"<p>Com uma sele\u00e7\u00e3o \u00fanica de destinos gastron\u00f4micos, o Victoria Golf Resort &amp; Spa convida-o a embarcar numa viagem culin\u00e1ria repleta de sabores requintados e iguarias irresist\u00edveis.<\/p>\n<p>Saboreie o peixe e marisco mais frescos ou desfrute de uma flute de champanhe numa cama balinesa \u00e0 beira da piscina. Refresque-se com cocktails de assinatura ou descubra os segredos da cozinha portuguesa.<\/p>\n<p><em>* Nota: o hor\u00e1rio de abertura pode variar. Contacte a nossa equipa para efetuar reservas ou obter informa\u00e7\u00f5es sobre a(s) data(s) pretendida(s).<\/em><\/p>\n","protected":false},"excerpt":{"rendered":"<p>Com uma sele\u00e7\u00e3o \u00fanica de destinos gastron\u00f4micos, o Victoria Golf Resort &amp; Spa convida-o a embarcar numa viagem culin\u00e1ria repleta de sabores requintados e iguarias irresist\u00edveis. Saboreie o peixe e marisco mais frescos ou desfrute de uma flute de champanhe numa cama balinesa \u00e0 beira da piscina. Refresque-se com cocktails de assinatura ou descubra os [&hellip;]<\/p>\n","protected":false},"author":11,"featured_media":0,"parent":0,"menu_order":60,"comment_status":"closed","ping_status":"closed","template":"template-restaurants.php","meta":{"footnotes":""},"categories":[],"class_list":["post-444","page","type-page","status-publish","hentry"],"acf":[],"yoast_head":"<!-- This site is optimized with the Yoast SEO plugin v26.9 - https:\/\/yoast.com\/product\/yoast-seo-wordpress\/ -->\n<title>Restaurantes &amp; Bares - Victoria Golf Resort &amp; Spa, managed by Accor<\/title>\n<meta name=\"description\" content=\"Com uma sele\u00e7\u00e3o \u00fanica de destinos gastron\u00f4micos, o Victoria Golf Resort &amp; Spa convida-o a embarcar numa viagem culin\u00e1ria repleta de sabores\" \/>\n<meta name=\"robots\" content=\"index, follow, max-snippet:-1, max-image-preview:large, max-video-preview:-1\" \/>\n<link rel=\"canonical\" href=\"https:\/\/www.victoriaresortvilamoura.com\/pt-pt\/gastronomia\/\" \/>\n<meta property=\"og:locale\" content=\"pt_PT\" \/>\n<meta property=\"og:type\" content=\"article\" \/>\n<meta property=\"og:title\" content=\"Restaurantes &amp; Bares - Victoria Golf Resort &amp; Spa, managed by Accor\" \/>\n<meta property=\"og:description\" content=\"Com uma sele\u00e7\u00e3o \u00fanica de destinos gastron\u00f4micos, o Victoria Golf Resort &amp; Spa convida-o a embarcar numa viagem culin\u00e1ria repleta de sabores\" \/>\n<meta property=\"og:url\" content=\"https:\/\/www.victoriaresortvilamoura.com\/pt-pt\/gastronomia\/\" \/>\n<meta property=\"og:site_name\" content=\"Victoria Golf Resort &amp; Spa, managed by Accor\" \/>\n<meta property=\"article:modified_time\" content=\"2025-11-07T17:54:36+00:00\" \/>\n<meta name=\"twitter:card\" content=\"summary_large_image\" \/>\n<meta name=\"twitter:label1\" content=\"Est. reading time\" \/>\n\t<meta name=\"twitter:data1\" content=\"1 minuto\" \/>\n<script type=\"application\/ld+json\" class=\"yoast-schema-graph\">{\"@context\":\"https:\/\/schema.org\",\"@graph\":[{\"@type\":\"WebPage\",\"@id\":\"https:\/\/www.victoriaresortvilamoura.com\/pt-pt\/gastronomia\/\",\"url\":\"https:\/\/www.victoriaresortvilamoura.com\/pt-pt\/gastronomia\/\",\"name\":\"Restaurantes & Bares - Victoria Golf Resort &amp; Spa, managed by Accor\",\"isPartOf\":{\"@id\":\"https:\/\/www.victoriaresortvilamoura.com\/#website\"},\"datePublished\":\"2025-10-28T14:20:30+00:00\",\"dateModified\":\"2025-11-07T17:54:36+00:00\",\"description\":\"Com uma sele\u00e7\u00e3o \u00fanica de destinos gastron\u00f4micos, o Victoria Golf Resort &amp; Spa convida-o a embarcar numa viagem culin\u00e1ria repleta de sabores\",\"breadcrumb\":{\"@id\":\"https:\/\/www.victoriaresortvilamoura.com\/pt-pt\/gastronomia\/#breadcrumb\"},\"inLanguage\":\"pt-PT\",\"potentialAction\":[{\"@type\":\"ReadAction\",\"target\":[\"https:\/\/www.victoriaresortvilamoura.com\/pt-pt\/gastronomia\/\"]}]},{\"@type\":\"BreadcrumbList\",\"@id\":\"https:\/\/www.victoriaresortvilamoura.com\/pt-pt\/gastronomia\/#breadcrumb\",\"itemListElement\":[{\"@type\":\"ListItem\",\"position\":1,\"name\":\"Home\",\"item\":\"https:\/\/www.victoriaresortvilamoura.com\/pt-pt\/\"},{\"@type\":\"ListItem\",\"position\":2,\"name\":\"Restaurantes &#038; Bares\"}]},{\"@type\":\"WebSite\",\"@id\":\"https:\/\/www.victoriaresortvilamoura.com\/#website\",\"url\":\"https:\/\/www.victoriaresortvilamoura.com\/\",\"name\":\"Victoria Golf Resort &amp; Spa, managed by Accor\",\"description\":\"\",\"potentialAction\":[{\"@type\":\"SearchAction\",\"target\":{\"@type\":\"EntryPoint\",\"urlTemplate\":\"https:\/\/www.victoriaresortvilamoura.com\/?s={search_term_string}\"},\"query-input\":{\"@type\":\"PropertyValueSpecification\",\"valueRequired\":true,\"valueName\":\"search_term_string\"}}],\"inLanguage\":\"pt-PT\"}]}<\/script>\n<!-- \/ Yoast SEO plugin. -->","yoast_head_json":{"title":"Restaurantes & Bares - Victoria Golf Resort &amp; Spa, managed by Accor","description":"Com uma sele\u00e7\u00e3o \u00fanica de destinos gastron\u00f4micos, o Victoria Golf Resort &amp; Spa convida-o a embarcar numa viagem culin\u00e1ria repleta de sabores","robots":{"index":"index","follow":"follow","max-snippet":"max-snippet:-1","max-image-preview":"max-image-preview:large","max-video-preview":"max-video-preview:-1"},"canonical":"https:\/\/www.victoriaresortvilamoura.com\/pt-pt\/gastronomia\/","og_locale":"pt_PT","og_type":"article","og_title":"Restaurantes & Bares - Victoria Golf Resort &amp; Spa, managed by Accor","og_description":"Com uma sele\u00e7\u00e3o \u00fanica de destinos gastron\u00f4micos, o Victoria Golf Resort &amp; Spa convida-o a embarcar numa viagem culin\u00e1ria repleta de sabores","og_url":"https:\/\/www.victoriaresortvilamoura.com\/pt-pt\/gastronomia\/","og_site_name":"Victoria Golf Resort &amp; Spa, managed by Accor","article_modified_time":"2025-11-07T17:54:36+00:00","twitter_card":"summary_large_image","twitter_misc":{"Est. reading time":"1 minuto"},"schema":{"@context":"https:\/\/schema.org","@graph":[{"@type":"WebPage","@id":"https:\/\/www.victoriaresortvilamoura.com\/pt-pt\/gastronomia\/","url":"https:\/\/www.victoriaresortvilamoura.com\/pt-pt\/gastronomia\/","name":"Restaurantes & Bares - Victoria Golf Resort &amp; Spa, managed by Accor","isPartOf":{"@id":"https:\/\/www.victoriaresortvilamoura.com\/#website"},"datePublished":"2025-10-28T14:20:30+00:00","dateModified":"2025-11-07T17:54:36+00:00","description":"Com uma sele\u00e7\u00e3o \u00fanica de destinos gastron\u00f4micos, o Victoria Golf Resort &amp; Spa convida-o a embarcar numa viagem culin\u00e1ria repleta de sabores","breadcrumb":{"@id":"https:\/\/www.victoriaresortvilamoura.com\/pt-pt\/gastronomia\/#breadcrumb"},"inLanguage":"pt-PT","potentialAction":[{"@type":"ReadAction","target":["https:\/\/www.victoriaresortvilamoura.com\/pt-pt\/gastronomia\/"]}]},{"@type":"BreadcrumbList","@id":"https:\/\/www.victoriaresortvilamoura.com\/pt-pt\/gastronomia\/#breadcrumb","itemListElement":[{"@type":"ListItem","position":1,"name":"Home","item":"https:\/\/www.victoriaresortvilamoura.com\/pt-pt\/"},{"@type":"ListItem","position":2,"name":"Restaurantes &#038; Bares"}]},{"@type":"WebSite","@id":"https:\/\/www.victoriaresortvilamoura.com\/#website","url":"https:\/\/www.victoriaresortvilamoura.com\/","name":"Victoria Golf Resort &amp; Spa, managed by Accor","description":"","potentialAction":[{"@type":"SearchAction","target":{"@type":"EntryPoint","urlTemplate":"https:\/\/www.victoriaresortvilamoura.com\/?s={search_term_string}"},"query-input":{"@type":"PropertyValueSpecification","valueRequired":true,"valueName":"search_term_string"}}],"inLanguage":"pt-PT"}]}},"_links":{"self":[{"href":"https:\/\/www.victoriaresortvilamoura.com\/pt-pt\/wp-json\/wp\/v2\/pages\/444","targetHints":{"allow":["GET"]}}],"collection":[{"href":"https:\/\/www.victoriaresortvilamoura.com\/pt-pt\/wp-json\/wp\/v2\/pages"}],"about":[{"href":"https:\/\/www.victoriaresortvilamoura.com\/pt-pt\/wp-json\/wp\/v2\/types\/page"}],"author":[{"embeddable":true,"href":"https:\/\/www.victoriaresortvilamoura.com\/pt-pt\/wp-json\/wp\/v2\/users\/11"}],"replies":[{"embeddable":true,"href":"https:\/\/www.victoriaresortvilamoura.com\/pt-pt\/wp-json\/wp\/v2\/comments?post=444"}],"version-history":[{"count":0,"href":"https:\/\/www.victoriaresortvilamoura.com\/pt-pt\/wp-json\/wp\/v2\/pages\/444\/revisions"}],"wp:attachment":[{"href":"https:\/\/www.victoriaresortvilamoura.com\/pt-pt\/wp-json\/wp\/v2\/media?parent=444"}],"wp:term":[{"taxonomy":"category","embeddable":true,"href":"https:\/\/www.victoriaresortvilamoura.com\/pt-pt\/wp-json\/wp\/v2\/categories?post=444"}],"curies":[{"name":"wp","href":"https:\/\/api.w.org\/{rel}","templated":true}]}}