{"id":5,"date":"2025-10-13T12:45:53","date_gmt":"2025-10-13T12:45:53","guid":{"rendered":"https:\/\/victoriagolf-resort-spa-accor.accorv2prod2.decms.eu\/?page_id=5"},"modified":"2026-04-15T15:59:21","modified_gmt":"2026-04-15T15:59:21","slug":"victoria-golf-resort-and-spa","status":"publish","type":"page","link":"https:\/\/www.victoriaresortvilamoura.com\/pt-pt\/","title":{"rendered":"Victoria Golf Resort &amp; Spa, managed by Accor"},"content":{"rendered":"<p>Deixe-se envolver pelo conforto e requinte dos nossos quartos e suites espa\u00e7osos, com vistas deslumbrantes sobre as piscinas, jardins verdejantes e o ic\u00f3nico campo de golfe Els Golf Club. Refresque-se com uma flute de champanhe nas elegantes camas balinesas \u00e0 beira da piscina ou desfrute de mergulhos revigorantes em fam\u00edlia.<\/p>\n<p>Renda-se aos cuidados do Victoria Spa, onde terapias hol\u00edsticas foram concebidas para revitalizar corpo, mente e esp\u00edrito, enquanto os mais pequenos se divertem livremente no acolhedor kids club. Saboreie o melhor do marisco local ou delicie-se com a sofisticada fus\u00e3o de sabores asi\u00e1ticos, e termine o dia com um cocktail de assinatura no Botanic Gin Bar.<\/p>\n<p>Idealmente localizado a poucos minutos da praia e da marina, o Victoria Golf Resort &amp; Spa disp\u00f5e de 4 piscinas exteriores e facilidades para qualquer tipo de reuni\u00f5es e eventos.<\/p>\n","protected":false},"excerpt":{"rendered":"<p>Deixe-se envolver pelo conforto e requinte dos nossos quartos e suites espa\u00e7osos, com vistas deslumbrantes sobre as piscinas, jardins verdejantes e o ic\u00f3nico campo de golfe Els Golf Club. Refresque-se com uma flute de champanhe nas elegantes camas balinesas \u00e0 beira da piscina ou desfrute de mergulhos revigorantes em fam\u00edlia. Renda-se aos cuidados do Victoria [&hellip;]<\/p>\n","protected":false},"author":5,"featured_media":0,"parent":0,"menu_order":0,"comment_status":"closed","ping_status":"closed","template":"","meta":{"footnotes":""},"categories":[],"class_list":["post-5","page","type-page","status-publish","hentry"],"acf":[],"yoast_head":"<!-- This site is optimized with the Yoast SEO plugin v26.9 - https:\/\/yoast.com\/product\/yoast-seo-wordpress\/ -->\n<title>Victoria Golf Resort &amp; Spa, managed by Accor - Victoria Golf Resort &amp; Spa, managed by Accor<\/title>\n<meta name=\"description\" content=\"Deixe-se envolver pelo conforto e requinte dos nossos quartos e suites espa\u00e7osos, com vistas deslumbrantes sobre as piscinas, jardins verdejantes e o\" \/>\n<meta name=\"robots\" content=\"index, follow, max-snippet:-1, max-image-preview:large, max-video-preview:-1\" \/>\n<link rel=\"canonical\" href=\"https:\/\/www.victoriaresortvilamoura.com\/pt-pt\/\" \/>\n<meta property=\"og:locale\" content=\"pt_PT\" \/>\n<meta property=\"og:type\" content=\"article\" \/>\n<meta property=\"og:title\" content=\"Victoria Golf Resort &amp; Spa, managed by Accor - Victoria Golf Resort &amp; Spa, managed by Accor\" \/>\n<meta property=\"og:description\" content=\"Deixe-se envolver pelo conforto e requinte dos nossos quartos e suites espa\u00e7osos, com vistas deslumbrantes sobre as piscinas, jardins verdejantes e o\" \/>\n<meta property=\"og:url\" content=\"https:\/\/www.victoriaresortvilamoura.com\/pt-pt\/\" \/>\n<meta property=\"og:site_name\" content=\"Victoria Golf Resort &amp; Spa, managed by Accor\" \/>\n<meta property=\"article:modified_time\" content=\"2026-04-15T15:59:21+00:00\" \/>\n<meta name=\"twitter:card\" content=\"summary_large_image\" \/>\n<meta name=\"twitter:label1\" content=\"Est. reading time\" \/>\n\t<meta name=\"twitter:data1\" content=\"1 minuto\" \/>\n<script type=\"application\/ld+json\" class=\"yoast-schema-graph\">{\"@context\":\"https:\/\/schema.org\",\"@graph\":[{\"@type\":\"WebPage\",\"@id\":\"https:\/\/www.victoriaresortvilamoura.com\/pt-pt\/\",\"url\":\"https:\/\/www.victoriaresortvilamoura.com\/pt-pt\/\",\"name\":\"Victoria Golf Resort &amp; Spa, managed by Accor - Victoria Golf Resort &amp; Spa, managed by Accor\",\"isPartOf\":{\"@id\":\"https:\/\/www.victoriaresortvilamoura.com\/#website\"},\"datePublished\":\"2025-10-13T12:45:53+00:00\",\"dateModified\":\"2026-04-15T15:59:21+00:00\",\"description\":\"Deixe-se envolver pelo conforto e requinte dos nossos quartos e suites espa\u00e7osos, com vistas deslumbrantes sobre as piscinas, jardins verdejantes e o\",\"breadcrumb\":{\"@id\":\"https:\/\/www.victoriaresortvilamoura.com\/pt-pt\/#breadcrumb\"},\"inLanguage\":\"pt-PT\",\"potentialAction\":[{\"@type\":\"ReadAction\",\"target\":[\"https:\/\/www.victoriaresortvilamoura.com\/pt-pt\/\"]}]},{\"@type\":\"BreadcrumbList\",\"@id\":\"https:\/\/www.victoriaresortvilamoura.com\/pt-pt\/#breadcrumb\",\"itemListElement\":[{\"@type\":\"ListItem\",\"position\":1,\"name\":\"Home\",\"item\":\"https:\/\/www.victoriaresortvilamoura.com\/pt-pt\/\"},{\"@type\":\"ListItem\",\"position\":2,\"name\":\"Victoria Golf Resort &amp; Spa, managed by Accor\"}]},{\"@type\":\"WebSite\",\"@id\":\"https:\/\/www.victoriaresortvilamoura.com\/#website\",\"url\":\"https:\/\/www.victoriaresortvilamoura.com\/\",\"name\":\"Victoria Golf Resort &amp; Spa, managed by Accor\",\"description\":\"\",\"potentialAction\":[{\"@type\":\"SearchAction\",\"target\":{\"@type\":\"EntryPoint\",\"urlTemplate\":\"https:\/\/www.victoriaresortvilamoura.com\/?s={search_term_string}\"},\"query-input\":{\"@type\":\"PropertyValueSpecification\",\"valueRequired\":true,\"valueName\":\"search_term_string\"}}],\"inLanguage\":\"pt-PT\"}]}<\/script>\n<!-- \/ Yoast SEO plugin. -->","yoast_head_json":{"title":"Victoria Golf Resort &amp; Spa, managed by Accor - Victoria Golf Resort &amp; Spa, managed by Accor","description":"Deixe-se envolver pelo conforto e requinte dos nossos quartos e suites espa\u00e7osos, com vistas deslumbrantes sobre as piscinas, jardins verdejantes e o","robots":{"index":"index","follow":"follow","max-snippet":"max-snippet:-1","max-image-preview":"max-image-preview:large","max-video-preview":"max-video-preview:-1"},"canonical":"https:\/\/www.victoriaresortvilamoura.com\/pt-pt\/","og_locale":"pt_PT","og_type":"article","og_title":"Victoria Golf Resort &amp; Spa, managed by Accor - Victoria Golf Resort &amp; Spa, managed by Accor","og_description":"Deixe-se envolver pelo conforto e requinte dos nossos quartos e suites espa\u00e7osos, com vistas deslumbrantes sobre as piscinas, jardins verdejantes e o","og_url":"https:\/\/www.victoriaresortvilamoura.com\/pt-pt\/","og_site_name":"Victoria Golf Resort &amp; Spa, managed by Accor","article_modified_time":"2026-04-15T15:59:21+00:00","twitter_card":"summary_large_image","twitter_misc":{"Est. reading time":"1 minuto"},"schema":{"@context":"https:\/\/schema.org","@graph":[{"@type":"WebPage","@id":"https:\/\/www.victoriaresortvilamoura.com\/pt-pt\/","url":"https:\/\/www.victoriaresortvilamoura.com\/pt-pt\/","name":"Victoria Golf Resort &amp; Spa, managed by Accor - Victoria Golf Resort &amp; Spa, managed by Accor","isPartOf":{"@id":"https:\/\/www.victoriaresortvilamoura.com\/#website"},"datePublished":"2025-10-13T12:45:53+00:00","dateModified":"2026-04-15T15:59:21+00:00","description":"Deixe-se envolver pelo conforto e requinte dos nossos quartos e suites espa\u00e7osos, com vistas deslumbrantes sobre as piscinas, jardins verdejantes e o","breadcrumb":{"@id":"https:\/\/www.victoriaresortvilamoura.com\/pt-pt\/#breadcrumb"},"inLanguage":"pt-PT","potentialAction":[{"@type":"ReadAction","target":["https:\/\/www.victoriaresortvilamoura.com\/pt-pt\/"]}]},{"@type":"BreadcrumbList","@id":"https:\/\/www.victoriaresortvilamoura.com\/pt-pt\/#breadcrumb","itemListElement":[{"@type":"ListItem","position":1,"name":"Home","item":"https:\/\/www.victoriaresortvilamoura.com\/pt-pt\/"},{"@type":"ListItem","position":2,"name":"Victoria Golf Resort &amp; Spa, managed by Accor"}]},{"@type":"WebSite","@id":"https:\/\/www.victoriaresortvilamoura.com\/#website","url":"https:\/\/www.victoriaresortvilamoura.com\/","name":"Victoria Golf Resort &amp; Spa, managed by Accor","description":"","potentialAction":[{"@type":"SearchAction","target":{"@type":"EntryPoint","urlTemplate":"https:\/\/www.victoriaresortvilamoura.com\/?s={search_term_string}"},"query-input":{"@type":"PropertyValueSpecification","valueRequired":true,"valueName":"search_term_string"}}],"inLanguage":"pt-PT"}]}},"_links":{"self":[{"href":"https:\/\/www.victoriaresortvilamoura.com\/pt-pt\/wp-json\/wp\/v2\/pages\/5","targetHints":{"allow":["GET"]}}],"collection":[{"href":"https:\/\/www.victoriaresortvilamoura.com\/pt-pt\/wp-json\/wp\/v2\/pages"}],"about":[{"href":"https:\/\/www.victoriaresortvilamoura.com\/pt-pt\/wp-json\/wp\/v2\/types\/page"}],"author":[{"embeddable":true,"href":"https:\/\/www.victoriaresortvilamoura.com\/pt-pt\/wp-json\/wp\/v2\/users\/5"}],"replies":[{"embeddable":true,"href":"https:\/\/www.victoriaresortvilamoura.com\/pt-pt\/wp-json\/wp\/v2\/comments?post=5"}],"version-history":[{"count":0,"href":"https:\/\/www.victoriaresortvilamoura.com\/pt-pt\/wp-json\/wp\/v2\/pages\/5\/revisions"}],"wp:attachment":[{"href":"https:\/\/www.victoriaresortvilamoura.com\/pt-pt\/wp-json\/wp\/v2\/media?parent=5"}],"wp:term":[{"taxonomy":"category","embeddable":true,"href":"https:\/\/www.victoriaresortvilamoura.com\/pt-pt\/wp-json\/wp\/v2\/categories?post=5"}],"curies":[{"name":"wp","href":"https:\/\/api.w.org\/{rel}","templated":true}]}}